{"id":6704,"date":"2019-11-18T20:28:34","date_gmt":"2019-11-18T19:28:34","guid":{"rendered":"https:\/\/paiz-travel.com\/team-building\/"},"modified":"2021-05-02T04:37:21","modified_gmt":"2021-05-02T02:37:21","slug":"team-building","status":"publish","type":"page","link":"https:\/\/paiz-travel.com\/hr\/team-building\/","title":{"rendered":"Team Building"},"content":{"rendered":"<p>[vc_row][vc_column][vc_column_text]<\/p>\n<h1>Team Building<\/h1>\n<p>[\/vc_column_text][vc_column_text]Otkrijte kako se va\u0161 tim pona\u0161a izvan poslovne atmosfere !![\/vc_column_text][\/vc_column][\/vc_row][vc_row][vc_column css=&#8221;.vc_custom_1574096066181{padding-top: 20px !important;}&#8221;][vc_column_text css=&#8221;.vc_custom_1619922978806{padding-bottom: 35px !important;}&#8221;]Upoznajte svoj tim kroz opu\u0161tanje izvan poslovne atmosfere, natje\u010du\u0107i se u aktivnostima na otvorenom i u\u017eivaju\u0107i u jedinstvenom oto\u010dkom gastronomskom u\u017eitku. Otok Vis je idealno mjesto za to.<\/p>\n<p>Nudimo vam nekoliko programa za jednodnevne i trodnevne boravke na otoku. Kroz ove programe tim \u0107e nau\u010diti kako raditi s kolegama, nau\u010diti o me\u0111usobnom povjerenju, kako prihvatiti rizik, pro\u0161iriti granice i prevladati strah. To \u0107e oja\u010dati njihovo samopouzdanje, nau\u010diti ih kako se nositi s novim i nepoznatim situacijama iz kojih \u0107e uvijek iza\u0107i kao vo\u0111a.[\/vc_column_text][vc_column_text]\n<blockquote class=\"mkdf-blockquote-shortcode\"  >\n\t<span class=\"mkdf-icon-quotations-holder\">\n\t\t<span aria-hidden=\"true\" class=\"icon_quotations\"><\/span>\n\t<\/span>\n\t<h6 class=\"mkdf-blockquote-text\">\n\t\t<span>Ako organizirate poslovni ili privatni doga\u0111aj, kontaktirajte nas putem na\u0161eg obrasca. Odgovorit \u0107emo vam u najkra\u0107em mogu\u0107em roku.<\/span>\n\t<\/h6>\n<\/blockquote>[\/vc_column_text][\/vc_column][\/vc_row][vc_row][vc_column][vc_column_text css=&#8221;.vc_custom_1619923016959{padding-bottom: 15px !important;}&#8221;]<\/p>\n<h2>Galerija<\/h2>\n<p>[\/vc_column_text][\/vc_column][\/vc_row][vc_row][vc_column css=&#8221;.vc_custom_1574266830881{padding-bottom: 40px !important;}&#8221;]<div class=\"mkdf-image-gallery\">\n    <div class=\"mkdf-image-gallery-grid mkdf-gallery-columns-3 \">\n                    <div class=\"mkdf-gallery-image\">\n                <div class=\"mkdf-hover-holder\">\n                \t\n                                        \t<a class=\"mkdf-gallery-prettyphoto\" href=\"https:\/\/paiz-travel.com\/wp-content\/uploads\/2019\/11\/tb3.jpg\" data-rel=\"prettyPhoto[single_pretty_photo]\" title=\"tb3\">\n                                                                        <img src=\"https:\/\/paiz-travel.com\/wp-content\/uploads\/2019\/11\/tb3-600x400.jpg\" alt=\"\" width=\"600\" height=\"400\" \/>                        \t\t\t\t\t                    \t\t<div class=\"mkdf-icon-holder\"><span aria-hidden=\"true\" class=\"mkdf-icon-font-elegant icon_plus \" ><\/span><\/div>\n\t\t\t\t\t\t<\/a>\n\t\t\t\t\t                <\/div>\n            <\/div>\n                    <div class=\"mkdf-gallery-image\">\n                <div class=\"mkdf-hover-holder\">\n                \t\n                                        \t<a class=\"mkdf-gallery-prettyphoto\" href=\"https:\/\/paiz-travel.com\/wp-content\/uploads\/2019\/11\/601-Medium.jpg\" data-rel=\"prettyPhoto[single_pretty_photo]\" title=\"\">\n                                                                        <img src=\"https:\/\/paiz-travel.com\/wp-content\/uploads\/2019\/11\/601-Medium-600x400.jpg\" alt=\"\" width=\"600\" height=\"400\" \/>                        \t\t\t\t\t                    \t\t<div class=\"mkdf-icon-holder\"><span aria-hidden=\"true\" class=\"mkdf-icon-font-elegant icon_plus \" ><\/span><\/div>\n\t\t\t\t\t\t<\/a>\n\t\t\t\t\t                <\/div>\n            <\/div>\n                    <div class=\"mkdf-gallery-image\">\n                <div class=\"mkdf-hover-holder\">\n                \t\n                                        \t<a class=\"mkdf-gallery-prettyphoto\" href=\"https:\/\/paiz-travel.com\/wp-content\/uploads\/2019\/11\/tb2.jpg\" data-rel=\"prettyPhoto[single_pretty_photo]\" title=\"tb2\">\n                                                                        <img src=\"https:\/\/paiz-travel.com\/wp-content\/uploads\/2019\/11\/tb2-600x400.jpg\" alt=\"\" width=\"600\" height=\"400\" \/>                        \t\t\t\t\t                    \t\t<div class=\"mkdf-icon-holder\"><span aria-hidden=\"true\" class=\"mkdf-icon-font-elegant icon_plus \" ><\/span><\/div>\n\t\t\t\t\t\t<\/a>\n\t\t\t\t\t                <\/div>\n            <\/div>\n            <\/div>\n<\/div>[\/vc_column][\/vc_row]<\/p>\n","protected":false},"excerpt":{"rendered":"<p>[vc_row][vc_column][vc_column_text] Team Building [\/vc_column_text][vc_column_text]Otkrijte kako se va\u0161 tim pona\u0161a izvan poslovne atmosfere !![\/vc_column_text][\/vc_column][\/vc_row][vc_row][vc_column css=&#8221;.vc_custom_1574096066181{padding-top: 20px !important;}&#8221;][vc_column_text css=&#8221;.vc_custom_1619922978806{padding-bottom: 35px !important;}&#8221;]Upoznajte svoj tim kroz opu\u0161tanje izvan poslovne atmosfere, natje\u010du\u0107i se u aktivnostima na otvorenom i u\u017eivaju\u0107i u jedinstvenom oto\u010dkom gastronomskom u\u017eitku. Otok Vis je idealno mjesto za to. Nudimo vam nekoliko programa za jednodnevne i trodnevne boravke na otoku. Kroz ove programe tim \u0107e nau\u010diti kako raditi s kolegama, nau\u010diti o me\u0111usobnom povjerenju, kako prihvatiti rizik, pro\u0161iriti granice i prevladati strah. To \u0107e oja\u010dati njihovo samopouzdanje, nau\u010diti ih kako se nositi s&#8230;<\/p>\n","protected":false},"author":1,"featured_media":0,"parent":0,"menu_order":0,"comment_status":"closed","ping_status":"closed","template":"","meta":[],"yoast_head":"<!-- This site is optimized with the Yoast SEO plugin v20.11 - https:\/\/yoast.com\/wordpress\/plugins\/seo\/ -->\n<title>Team Building - Paiz Travel<\/title>\n<meta name=\"robots\" content=\"index, follow, max-snippet:-1, max-image-preview:large, max-video-preview:-1\" \/>\n<link rel=\"canonical\" href=\"https:\/\/paiz-travel.com\/hr\/team-building\/\" \/>\n<meta property=\"og:locale\" content=\"hr_HR\" \/>\n<meta property=\"og:type\" content=\"article\" \/>\n<meta property=\"og:title\" content=\"Team Building - Paiz Travel\" \/>\n<meta property=\"og:description\" content=\"[vc_row][vc_column][vc_column_text] Team Building [\/vc_column_text][vc_column_text]Otkrijte kako se va\u0161 tim pona\u0161a izvan poslovne atmosfere !![\/vc_column_text][\/vc_column][\/vc_row][vc_row][vc_column css=&#8221;.vc_custom_1574096066181{padding-top: 20px !important;}&#8221;][vc_column_text css=&#8221;.vc_custom_1619922978806{padding-bottom: 35px !important;}&#8221;]Upoznajte svoj tim kroz opu\u0161tanje izvan poslovne atmosfere, natje\u010du\u0107i se u aktivnostima na otvorenom i u\u017eivaju\u0107i u jedinstvenom oto\u010dkom gastronomskom u\u017eitku. Otok Vis je idealno mjesto za to. Nudimo vam nekoliko programa za jednodnevne i trodnevne boravke na otoku. Kroz ove programe tim \u0107e nau\u010diti kako raditi s kolegama, nau\u010diti o me\u0111usobnom povjerenju, kako prihvatiti rizik, pro\u0161iriti granice i prevladati strah. To \u0107e oja\u010dati njihovo samopouzdanje, nau\u010diti ih kako se nositi s...\" \/>\n<meta property=\"og:url\" content=\"https:\/\/paiz-travel.com\/hr\/team-building\/\" \/>\n<meta property=\"og:site_name\" content=\"Paiz Travel\" \/>\n<meta property=\"article:modified_time\" content=\"2021-05-02T02:37:21+00:00\" \/>\n<meta name=\"twitter:card\" content=\"summary_large_image\" \/>\n<meta name=\"twitter:label1\" content=\"Procijenjeno vrijeme \u010ditanja\" \/>\n\t<meta name=\"twitter:data1\" content=\"1 minuta\" \/>\n<script type=\"application\/ld+json\" class=\"yoast-schema-graph\">{\"@context\":\"https:\/\/schema.org\",\"@graph\":[{\"@type\":\"WebPage\",\"@id\":\"https:\/\/paiz-travel.com\/hr\/team-building\/\",\"url\":\"https:\/\/paiz-travel.com\/hr\/team-building\/\",\"name\":\"Team Building - Paiz Travel\",\"isPartOf\":{\"@id\":\"https:\/\/paiz-travel.com\/#website\"},\"datePublished\":\"2019-11-18T19:28:34+00:00\",\"dateModified\":\"2021-05-02T02:37:21+00:00\",\"breadcrumb\":{\"@id\":\"https:\/\/paiz-travel.com\/hr\/team-building\/#breadcrumb\"},\"inLanguage\":\"hr\",\"potentialAction\":[{\"@type\":\"ReadAction\",\"target\":[\"https:\/\/paiz-travel.com\/hr\/team-building\/\"]}]},{\"@type\":\"BreadcrumbList\",\"@id\":\"https:\/\/paiz-travel.com\/hr\/team-building\/#breadcrumb\",\"itemListElement\":[{\"@type\":\"ListItem\",\"position\":1,\"name\":\"Po\u010detna stranica\",\"item\":\"https:\/\/paiz-travel.com\/hr\/\"},{\"@type\":\"ListItem\",\"position\":2,\"name\":\"Team Building\"}]},{\"@type\":\"WebSite\",\"@id\":\"https:\/\/paiz-travel.com\/#website\",\"url\":\"https:\/\/paiz-travel.com\/\",\"name\":\"Paiz Travel\",\"description\":\"Vis Tourist Agency \",\"potentialAction\":[{\"@type\":\"SearchAction\",\"target\":{\"@type\":\"EntryPoint\",\"urlTemplate\":\"https:\/\/paiz-travel.com\/?s={search_term_string}\"},\"query-input\":\"required name=search_term_string\"}],\"inLanguage\":\"hr\"}]}<\/script>\n<!-- \/ Yoast SEO plugin. -->","yoast_head_json":{"title":"Team Building - Paiz Travel","robots":{"index":"index","follow":"follow","max-snippet":"max-snippet:-1","max-image-preview":"max-image-preview:large","max-video-preview":"max-video-preview:-1"},"canonical":"https:\/\/paiz-travel.com\/hr\/team-building\/","og_locale":"hr_HR","og_type":"article","og_title":"Team Building - Paiz Travel","og_description":"[vc_row][vc_column][vc_column_text] Team Building [\/vc_column_text][vc_column_text]Otkrijte kako se va\u0161 tim pona\u0161a izvan poslovne atmosfere !![\/vc_column_text][\/vc_column][\/vc_row][vc_row][vc_column css=&#8221;.vc_custom_1574096066181{padding-top: 20px !important;}&#8221;][vc_column_text css=&#8221;.vc_custom_1619922978806{padding-bottom: 35px !important;}&#8221;]Upoznajte svoj tim kroz opu\u0161tanje izvan poslovne atmosfere, natje\u010du\u0107i se u aktivnostima na otvorenom i u\u017eivaju\u0107i u jedinstvenom oto\u010dkom gastronomskom u\u017eitku. Otok Vis je idealno mjesto za to. Nudimo vam nekoliko programa za jednodnevne i trodnevne boravke na otoku. Kroz ove programe tim \u0107e nau\u010diti kako raditi s kolegama, nau\u010diti o me\u0111usobnom povjerenju, kako prihvatiti rizik, pro\u0161iriti granice i prevladati strah. To \u0107e oja\u010dati njihovo samopouzdanje, nau\u010diti ih kako se nositi s...","og_url":"https:\/\/paiz-travel.com\/hr\/team-building\/","og_site_name":"Paiz Travel","article_modified_time":"2021-05-02T02:37:21+00:00","twitter_card":"summary_large_image","twitter_misc":{"Procijenjeno vrijeme \u010ditanja":"1 minuta"},"schema":{"@context":"https:\/\/schema.org","@graph":[{"@type":"WebPage","@id":"https:\/\/paiz-travel.com\/hr\/team-building\/","url":"https:\/\/paiz-travel.com\/hr\/team-building\/","name":"Team Building - Paiz Travel","isPartOf":{"@id":"https:\/\/paiz-travel.com\/#website"},"datePublished":"2019-11-18T19:28:34+00:00","dateModified":"2021-05-02T02:37:21+00:00","breadcrumb":{"@id":"https:\/\/paiz-travel.com\/hr\/team-building\/#breadcrumb"},"inLanguage":"hr","potentialAction":[{"@type":"ReadAction","target":["https:\/\/paiz-travel.com\/hr\/team-building\/"]}]},{"@type":"BreadcrumbList","@id":"https:\/\/paiz-travel.com\/hr\/team-building\/#breadcrumb","itemListElement":[{"@type":"ListItem","position":1,"name":"Po\u010detna stranica","item":"https:\/\/paiz-travel.com\/hr\/"},{"@type":"ListItem","position":2,"name":"Team Building"}]},{"@type":"WebSite","@id":"https:\/\/paiz-travel.com\/#website","url":"https:\/\/paiz-travel.com\/","name":"Paiz Travel","description":"Vis Tourist Agency ","potentialAction":[{"@type":"SearchAction","target":{"@type":"EntryPoint","urlTemplate":"https:\/\/paiz-travel.com\/?s={search_term_string}"},"query-input":"required name=search_term_string"}],"inLanguage":"hr"}]}},"_links":{"self":[{"href":"https:\/\/paiz-travel.com\/hr\/wp-json\/wp\/v2\/pages\/6704"}],"collection":[{"href":"https:\/\/paiz-travel.com\/hr\/wp-json\/wp\/v2\/pages"}],"about":[{"href":"https:\/\/paiz-travel.com\/hr\/wp-json\/wp\/v2\/types\/page"}],"author":[{"embeddable":true,"href":"https:\/\/paiz-travel.com\/hr\/wp-json\/wp\/v2\/users\/1"}],"replies":[{"embeddable":true,"href":"https:\/\/paiz-travel.com\/hr\/wp-json\/wp\/v2\/comments?post=6704"}],"version-history":[{"count":3,"href":"https:\/\/paiz-travel.com\/hr\/wp-json\/wp\/v2\/pages\/6704\/revisions"}],"predecessor-version":[{"id":6984,"href":"https:\/\/paiz-travel.com\/hr\/wp-json\/wp\/v2\/pages\/6704\/revisions\/6984"}],"wp:attachment":[{"href":"https:\/\/paiz-travel.com\/hr\/wp-json\/wp\/v2\/media?parent=6704"}],"curies":[{"name":"wp","href":"https:\/\/api.w.org\/{rel}","templated":true}]}}