{"id":6707,"date":"2019-11-19T19:29:00","date_gmt":"2019-11-19T18:29:00","guid":{"rendered":"https:\/\/paiz-travel.com\/summer-beach-break\/"},"modified":"2021-05-25T13:11:36","modified_gmt":"2021-05-25T11:11:36","slug":"ljetni-odmor-na-plazi","status":"publish","type":"page","link":"https:\/\/paiz-travel.com\/hr\/ljetni-odmor-na-plazi\/","title":{"rendered":"Ljetni odmor na pla\u017ei"},"content":{"rendered":"<p>[vc_row][vc_column][vc_column_text]<\/p>\n<h1>Ljetni odmor na pla\u017ei<\/h1>\n<p>[\/vc_column_text][vc_column_text]Ako vam je potreban bijeg od svakodnevnog stresa ili se samo \u017eelite opustiti uz \u0161um valova ovaj odmor na pla\u017ei je savr\u0161en za vas. Neka vam ovo ljeto bude le\u017eerno i opu\u0161teno.[\/vc_column_text][\/vc_column][\/vc_row][vc_row css=&#8221;.vc_custom_1572607977841{padding-top: 50px !important;}&#8221;][vc_column width=&#8221;4\/5&#8243; css=&#8221;.vc_custom_1572620423079{padding-bottom: 15px !important;}&#8221;][vc_column_text css=&#8221;.vc_custom_1620264470417{padding-bottom: 30px !important;}&#8221;]<\/p>\n<h2>Aran\u017eman uklju\u010duje<\/h2>\n<p>[\/vc_column_text]<div class=\"mkdf-section-title-holder\">\n\t<h1 class=\"mkdf-section-title mkdf-section-title-small\" >\n\t- 5 no\u0107enja<\/h1>\n<\/div>[vc_column_text css=&#8221;.vc_custom_1620264657509{padding-bottom: 25px !important;}&#8221;]Smje\u0161taj \u0107e biti u uvali na ju\u017enoj strani otoka. Ovisno o datumu va\u0161eg dolaska, ponudit \u0107emo vam visokokvalitetni smje\u0161taj kako bismo osigurali da va\u0161i dani na na\u0161em otoku budu \u0161to opu\u0161teniji i bezbri\u017eniji.[\/vc_column_text]<div class=\"mkdf-section-title-holder\">\n\t<h1 class=\"mkdf-section-title mkdf-section-title-small\" >\n\t- Automobil ili bicikli na raspolaganju<\/h1>\n<\/div>[vc_column_text css=&#8221;.vc_custom_1620264772356{padding-bottom: 25px !important;}&#8221;]Tijekom boravka na otoku na raspolaganju \u0107e vam biti najam automobila ili bicikala koji \u0107e vam pomo\u0107i u navigaciji po otoku i istra\u017eivanju pla\u017ea. Dostavit \u0107emo automobil ili bicikle na va\u0161u adresu bez naplate.[\/vc_column_text]<div class=\"mkdf-section-title-holder\">\n\t<h1 class=\"mkdf-section-title mkdf-section-title-small\" >\n\t- Posjet pla\u017eama brodom<\/h1>\n<\/div>[vc_column_text css=&#8221;.vc_custom_1620264966377{padding-bottom: 25px !important;}&#8221;]Najbolji na\u010din da u\u017eivate u ljetnom suncu i morskim avanturama je iznajmljivanje \u010damca koji \u0107e vas odvesti do svakog malog dijela otoka. Predlo\u017eit \u0107emo vam na\u0161 plan posjeta pla\u017ea &#8220;must see&#8221;, a vi \u0107ete odabrati svoju rutu. Ponekad je zabavnije kad vam je dopu\u0161teno glumiti kapetana na brodu.[\/vc_column_text]<div class=\"mkdf-section-title-holder\">\n\t<h1 class=\"mkdf-section-title mkdf-section-title-small\" >\n\t- Brod na raspolaganju<\/h1>\n<\/div>[vc_column_text css=&#8221;.vc_custom_1620265068103{padding-bottom: 25px !important;}&#8221;]Za one koji posjeduju brodsku dozvolu osigurat \u0107emo vam da imate na raspolaganju rent a boat, tako da \u0107ete mo\u0107i svaki dan putovati u druge uvale na kupanje.[\/vc_column_text]<div class=\"mkdf-section-title-holder\">\n\t<h1 class=\"mkdf-section-title mkdf-section-title-small\" >\n\t- Ve\u010dera iznena\u0111enja<\/h1>\n<\/div>[vc_column_text css=&#8221;.vc_custom_1620265097780{padding-bottom: 25px !important;}&#8221;]Kao \u0161to smo rekli, ve\u010dera je iznena\u0111enja, pa da biste saznali \u0161to je na meniju, trebat \u0107ete rezervirati odmor na pla\u017ei.[\/vc_column_text][\/vc_column][vc_column width=&#8221;1\/5&#8243; css=&#8221;.vc_custom_1575054139706{padding-top: 55px !important;padding-bottom: 15px !important;}&#8221;][vc_column_text]<\/p>\n<p style=\"text-align: center;\"><span style=\"font-size: 14pt; color: #ff0000;\">Po\u010detna cijena:<\/span><br \/>\n<span style=\"font-size: 14pt; color: #ff0000;\">od 650\u20ac<\/span><\/p>\n<p>[\/vc_column_text][\/vc_column][\/vc_row][vc_row][vc_column css=&#8221;.vc_custom_1574096066181{padding-top: 20px !important;}&#8221;][vc_column_text css=&#8221;.vc_custom_1620265184981{padding-bottom: 30px !important;}&#8221;]<\/p>\n<h2>Va\u017eno:<\/h2>\n<p>[\/vc_column_text][vc_column_text]Aran\u017eman je pripremljen samo za 4 osobe. Paket ponuda vrijedi za razdoblje od po\u010detka travnja do kraja listopada i u to vrijeme mo\u017eemo vam ponuditi sve gore navedene usluge i izlete. U slu\u010daju lo\u0161eg vremena neke od ovih tura ne\u0107e biti mogu\u0107e organizirati. Za to\u010dan izra\u010dun cijene po\u0161aljite upit. Cijene se mogu razlikovati ovisno o sezoni.[\/vc_column_text][\/vc_column][\/vc_row][vc_row][vc_column][vc_column_text css=&#8221;.vc_custom_1620265193193{padding-bottom: 15px !important;}&#8221;]<\/p>\n<h2>Galerija<\/h2>\n<p>[\/vc_column_text][\/vc_column][\/vc_row][vc_row css=&#8221;.vc_custom_1574266975521{padding-bottom: 40px !important;}&#8221;][vc_column]<div class=\"mkdf-image-gallery\">\n    <div class=\"mkdf-image-gallery-grid mkdf-gallery-columns-3 \">\n                    <div class=\"mkdf-gallery-image\">\n                <div class=\"mkdf-hover-holder\">\n                \t\n                                        \t<a class=\"mkdf-gallery-prettyphoto\" href=\"https:\/\/paiz-travel.com\/wp-content\/uploads\/2019\/11\/beach1-Medium.jpg\" data-rel=\"prettyPhoto[single_pretty_photo]\" title=\"beach1 (Medium)\">\n                                                                        <img src=\"https:\/\/paiz-travel.com\/wp-content\/uploads\/2019\/11\/beach1-Medium-600x400.jpg\" alt=\"\" width=\"600\" height=\"400\" \/>                        \t\t\t\t\t                    \t\t<div class=\"mkdf-icon-holder\"><span aria-hidden=\"true\" class=\"mkdf-icon-font-elegant icon_plus \" ><\/span><\/div>\n\t\t\t\t\t\t<\/a>\n\t\t\t\t\t                <\/div>\n            <\/div>\n                    <div class=\"mkdf-gallery-image\">\n                <div class=\"mkdf-hover-holder\">\n                \t\n                                        \t<a class=\"mkdf-gallery-prettyphoto\" href=\"https:\/\/paiz-travel.com\/wp-content\/uploads\/2019\/11\/1-18-Medium.jpg\" data-rel=\"prettyPhoto[single_pretty_photo]\" title=\"1 (18) (Medium)\">\n                                                                        <img src=\"https:\/\/paiz-travel.com\/wp-content\/uploads\/2019\/11\/1-18-Medium-600x400.jpg\" alt=\"\" width=\"600\" height=\"400\" \/>                        \t\t\t\t\t                    \t\t<div class=\"mkdf-icon-holder\"><span aria-hidden=\"true\" class=\"mkdf-icon-font-elegant icon_plus \" ><\/span><\/div>\n\t\t\t\t\t\t<\/a>\n\t\t\t\t\t                <\/div>\n            <\/div>\n                    <div class=\"mkdf-gallery-image\">\n                <div class=\"mkdf-hover-holder\">\n                \t\n                                        \t<a class=\"mkdf-gallery-prettyphoto\" href=\"https:\/\/paiz-travel.com\/wp-content\/uploads\/2019\/11\/IMG0516-Medium.jpg\" data-rel=\"prettyPhoto[single_pretty_photo]\" title=\"IMG0516 (Medium)\">\n                                                                        <img src=\"https:\/\/paiz-travel.com\/wp-content\/uploads\/2019\/11\/IMG0516-Medium-600x400.jpg\" alt=\"\" width=\"600\" height=\"400\" \/>                        \t\t\t\t\t                    \t\t<div class=\"mkdf-icon-holder\"><span aria-hidden=\"true\" class=\"mkdf-icon-font-elegant icon_plus \" ><\/span><\/div>\n\t\t\t\t\t\t<\/a>\n\t\t\t\t\t                <\/div>\n            <\/div>\n            <\/div>\n<\/div>[\/vc_column][\/vc_row]<\/p>\n","protected":false},"excerpt":{"rendered":"<p>[vc_row][vc_column][vc_column_text] Ljetni odmor na pla\u017ei [\/vc_column_text][vc_column_text]Ako vam je potreban bijeg od svakodnevnog stresa ili se samo \u017eelite opustiti uz \u0161um valova ovaj odmor na pla\u017ei je savr\u0161en za vas. Neka vam ovo ljeto bude le\u017eerno i opu\u0161teno.[\/vc_column_text][\/vc_column][\/vc_row][vc_row css=&#8221;.vc_custom_1572607977841{padding-top: 50px !important;}&#8221;][vc_column width=&#8221;4\/5&#8243; css=&#8221;.vc_custom_1572620423079{padding-bottom: 15px !important;}&#8221;][vc_column_text css=&#8221;.vc_custom_1620264470417{padding-bottom: 30px !important;}&#8221;] Aran\u017eman uklju\u010duje [\/vc_column_text][vc_column_text css=&#8221;.vc_custom_1620264657509{padding-bottom: 25px !important;}&#8221;]Smje\u0161taj \u0107e biti u uvali na ju\u017enoj strani otoka. Ovisno o datumu va\u0161eg dolaska, ponudit \u0107emo vam visokokvalitetni smje\u0161taj kako bismo osigurali da va\u0161i dani na na\u0161em otoku budu \u0161to opu\u0161teniji i bezbri\u017eniji.[\/vc_column_text][vc_column_text css=&#8221;.vc_custom_1620264772356{padding-bottom: 25px !important;}&#8221;]Tijekom boravka na&#8230;<\/p>\n","protected":false},"author":2,"featured_media":6709,"parent":0,"menu_order":0,"comment_status":"closed","ping_status":"closed","template":"","meta":[],"yoast_head":"<!-- This site is optimized with the Yoast SEO plugin v20.11 - https:\/\/yoast.com\/wordpress\/plugins\/seo\/ -->\n<title>Ljetni odmor na pla\u017ei - Paiz Travel<\/title>\n<meta name=\"description\" content=\"Make this summer the best holiday ever! Feel the summer breeze on one of the numerous beaches in Vis. Book with us and we&#039;&#039;ll make your summer holiday special.\" \/>\n<meta name=\"robots\" content=\"index, follow, max-snippet:-1, max-image-preview:large, max-video-preview:-1\" \/>\n<link rel=\"canonical\" href=\"https:\/\/paiz-travel.com\/hr\/aranzmani\/ljetni-odmor-na-plazi\/\" \/>\n<meta property=\"og:locale\" content=\"hr_HR\" \/>\n<meta property=\"og:type\" content=\"article\" \/>\n<meta property=\"og:title\" content=\"Ljetni odmor na pla\u017ei - Paiz Travel\" \/>\n<meta property=\"og:description\" content=\"Make this summer the best holiday ever! Feel the summer breeze on one of the numerous beaches in Vis. Book with us and we&#039;&#039;ll make your summer holiday special.\" \/>\n<meta property=\"og:url\" content=\"https:\/\/paiz-travel.com\/hr\/aranzmani\/ljetni-odmor-na-plazi\/\" \/>\n<meta property=\"og:site_name\" content=\"Paiz Travel\" \/>\n<meta property=\"article:modified_time\" content=\"2021-05-25T11:11:36+00:00\" \/>\n<meta property=\"og:image\" content=\"https:\/\/paiz-travel.com\/wp-content\/uploads\/2019\/11\/IMG0448-800x600.jpg\" \/>\n\t<meta property=\"og:image:width\" content=\"800\" \/>\n\t<meta property=\"og:image:height\" content=\"600\" \/>\n\t<meta property=\"og:image:type\" content=\"image\/jpeg\" \/>\n<meta name=\"twitter:card\" content=\"summary_large_image\" \/>\n<meta name=\"twitter:label1\" content=\"Procijenjeno vrijeme \u010ditanja\" \/>\n\t<meta name=\"twitter:data1\" content=\"2 minute\" \/>\n<script type=\"application\/ld+json\" class=\"yoast-schema-graph\">{\"@context\":\"https:\/\/schema.org\",\"@graph\":[{\"@type\":\"WebPage\",\"@id\":\"https:\/\/paiz-travel.com\/hr\/aranzmani\/ljetni-odmor-na-plazi\/\",\"url\":\"https:\/\/paiz-travel.com\/hr\/aranzmani\/ljetni-odmor-na-plazi\/\",\"name\":\"Ljetni odmor na pla\u017ei - Paiz Travel\",\"isPartOf\":{\"@id\":\"https:\/\/paiz-travel.com\/#website\"},\"datePublished\":\"2019-11-19T18:29:00+00:00\",\"dateModified\":\"2021-05-25T11:11:36+00:00\",\"description\":\"Make this summer the best holiday ever! Feel the summer breeze on one of the numerous beaches in Vis. Book with us and we''ll make your summer holiday special.\",\"breadcrumb\":{\"@id\":\"https:\/\/paiz-travel.com\/hr\/aranzmani\/ljetni-odmor-na-plazi\/#breadcrumb\"},\"inLanguage\":\"hr\",\"potentialAction\":[{\"@type\":\"ReadAction\",\"target\":[\"https:\/\/paiz-travel.com\/hr\/aranzmani\/ljetni-odmor-na-plazi\/\"]}]},{\"@type\":\"BreadcrumbList\",\"@id\":\"https:\/\/paiz-travel.com\/hr\/aranzmani\/ljetni-odmor-na-plazi\/#breadcrumb\",\"itemListElement\":[{\"@type\":\"ListItem\",\"position\":1,\"name\":\"Po\u010detna stranica\",\"item\":\"https:\/\/paiz-travel.com\/hr\/\"},{\"@type\":\"ListItem\",\"position\":2,\"name\":\"Aran\u017emani\",\"item\":\"https:\/\/paiz-travel.com\/hr\/aranzmani\/\"},{\"@type\":\"ListItem\",\"position\":3,\"name\":\"Ljetni odmor na pla\u017ei\"}]},{\"@type\":\"WebSite\",\"@id\":\"https:\/\/paiz-travel.com\/#website\",\"url\":\"https:\/\/paiz-travel.com\/\",\"name\":\"Paiz Travel\",\"description\":\"Vis Tourist Agency \",\"potentialAction\":[{\"@type\":\"SearchAction\",\"target\":{\"@type\":\"EntryPoint\",\"urlTemplate\":\"https:\/\/paiz-travel.com\/?s={search_term_string}\"},\"query-input\":\"required name=search_term_string\"}],\"inLanguage\":\"hr\"}]}<\/script>\n<!-- \/ Yoast SEO plugin. -->","yoast_head_json":{"title":"Ljetni odmor na pla\u017ei - Paiz Travel","description":"Make this summer the best holiday ever! Feel the summer breeze on one of the numerous beaches in Vis. Book with us and we''ll make your summer holiday special.","robots":{"index":"index","follow":"follow","max-snippet":"max-snippet:-1","max-image-preview":"max-image-preview:large","max-video-preview":"max-video-preview:-1"},"canonical":"https:\/\/paiz-travel.com\/hr\/aranzmani\/ljetni-odmor-na-plazi\/","og_locale":"hr_HR","og_type":"article","og_title":"Ljetni odmor na pla\u017ei - Paiz Travel","og_description":"Make this summer the best holiday ever! Feel the summer breeze on one of the numerous beaches in Vis. Book with us and we''ll make your summer holiday special.","og_url":"https:\/\/paiz-travel.com\/hr\/aranzmani\/ljetni-odmor-na-plazi\/","og_site_name":"Paiz Travel","article_modified_time":"2021-05-25T11:11:36+00:00","og_image":[{"width":800,"height":600,"url":"https:\/\/paiz-travel.com\/wp-content\/uploads\/2019\/11\/IMG0448-800x600.jpg","type":"image\/jpeg"}],"twitter_card":"summary_large_image","twitter_misc":{"Procijenjeno vrijeme \u010ditanja":"2 minute"},"schema":{"@context":"https:\/\/schema.org","@graph":[{"@type":"WebPage","@id":"https:\/\/paiz-travel.com\/hr\/aranzmani\/ljetni-odmor-na-plazi\/","url":"https:\/\/paiz-travel.com\/hr\/aranzmani\/ljetni-odmor-na-plazi\/","name":"Ljetni odmor na pla\u017ei - Paiz Travel","isPartOf":{"@id":"https:\/\/paiz-travel.com\/#website"},"datePublished":"2019-11-19T18:29:00+00:00","dateModified":"2021-05-25T11:11:36+00:00","description":"Make this summer the best holiday ever! Feel the summer breeze on one of the numerous beaches in Vis. Book with us and we''ll make your summer holiday special.","breadcrumb":{"@id":"https:\/\/paiz-travel.com\/hr\/aranzmani\/ljetni-odmor-na-plazi\/#breadcrumb"},"inLanguage":"hr","potentialAction":[{"@type":"ReadAction","target":["https:\/\/paiz-travel.com\/hr\/aranzmani\/ljetni-odmor-na-plazi\/"]}]},{"@type":"BreadcrumbList","@id":"https:\/\/paiz-travel.com\/hr\/aranzmani\/ljetni-odmor-na-plazi\/#breadcrumb","itemListElement":[{"@type":"ListItem","position":1,"name":"Po\u010detna stranica","item":"https:\/\/paiz-travel.com\/hr\/"},{"@type":"ListItem","position":2,"name":"Aran\u017emani","item":"https:\/\/paiz-travel.com\/hr\/aranzmani\/"},{"@type":"ListItem","position":3,"name":"Ljetni odmor na pla\u017ei"}]},{"@type":"WebSite","@id":"https:\/\/paiz-travel.com\/#website","url":"https:\/\/paiz-travel.com\/","name":"Paiz Travel","description":"Vis Tourist Agency ","potentialAction":[{"@type":"SearchAction","target":{"@type":"EntryPoint","urlTemplate":"https:\/\/paiz-travel.com\/?s={search_term_string}"},"query-input":"required name=search_term_string"}],"inLanguage":"hr"}]}},"_links":{"self":[{"href":"https:\/\/paiz-travel.com\/hr\/wp-json\/wp\/v2\/pages\/6707"}],"collection":[{"href":"https:\/\/paiz-travel.com\/hr\/wp-json\/wp\/v2\/pages"}],"about":[{"href":"https:\/\/paiz-travel.com\/hr\/wp-json\/wp\/v2\/types\/page"}],"author":[{"embeddable":true,"href":"https:\/\/paiz-travel.com\/hr\/wp-json\/wp\/v2\/users\/2"}],"replies":[{"embeddable":true,"href":"https:\/\/paiz-travel.com\/hr\/wp-json\/wp\/v2\/comments?post=6707"}],"version-history":[{"count":6,"href":"https:\/\/paiz-travel.com\/hr\/wp-json\/wp\/v2\/pages\/6707\/revisions"}],"predecessor-version":[{"id":7195,"href":"https:\/\/paiz-travel.com\/hr\/wp-json\/wp\/v2\/pages\/6707\/revisions\/7195"}],"wp:featuredmedia":[{"embeddable":true,"href":"https:\/\/paiz-travel.com\/hr\/wp-json\/wp\/v2\/media\/6709"}],"wp:attachment":[{"href":"https:\/\/paiz-travel.com\/hr\/wp-json\/wp\/v2\/media?parent=6707"}],"curies":[{"name":"wp","href":"https:\/\/api.w.org\/{rel}","templated":true}]}}