{"id":6749,"date":"2016-04-05T10:19:13","date_gmt":"2016-04-05T10:19:13","guid":{"rendered":"https:\/\/paiz-travel.com\/about-us\/"},"modified":"2023-02-09T00:31:55","modified_gmt":"2023-02-08T23:31:55","slug":"o-nama","status":"publish","type":"page","link":"https:\/\/paiz-travel.com\/hr\/o-nama\/","title":{"rendered":"O Nama"},"content":{"rendered":"<p>[vc_row content_width=&#8221;grid&#8221; css=&#8221;.vc_custom_1572821643585{padding-top: 45px !important;}&#8221;][vc_column width=&#8221;1\/2&#8243;][vc_empty_space height=&#8221;17px&#8221;][vc_single_image image=&#8221;3530&#8243; img_size=&#8221;large&#8221;][\/vc_column][vc_column width=&#8221;1\/2&#8243;][vc_column_text]<\/p>\n<h2>O Nama<\/h2>\n<p>[\/vc_column_text][vc_empty_space height=&#8221;17px&#8221;][vc_column_text]Dobrodo\u0161li na na\u0161e stranice i dopustite da vas Turisti\u010dka Agencija \u201cPaiz Travel\u201d povede na daleki otok Vis!<\/p>\n<p>\u201cPaiz Travel\u201d je turisti\u010dka agencija koja nudi posredni\u010dke i organizacijske usluge pri tra\u017eenju informacija, smje\u0161taja, usluga prijevoza i organizacije izleta. Dodatno nudi usluge organizacije vjen\u010danja i ostalih evenata za svoje goste. \u201cPaiz Travel\u201d je zami\u0161ljen je kao agencija koja nudi oto\u010dne proizvode i turisti\u010dke usluge po cijelom otoku i tako gostima olak\u0161ava njihovo kretanje i boravak na njemu.[\/vc_column_text][vc_column_text]<\/p>\n<h2>Otok Vis<\/h2>\n<p>Otok Vis jedan je od najudaljenijih napu\u010denih otoka na Jadranskom moru. Skupa sa svim svojim pu\u010dinskim otocima nedvojbeno je i jedan od najljep\u0161ih Hrvatskih otoka. Odmor na ovom otoku je vizija raja sa nevjerojatnim pje\u0161\u010danim pla\u017eama, tirkiznom lagunom, \u010dudesnim \u0161piljama, skrivenim pla\u017eama i kristalno plavim morem. Nudimo vam smje\u0161taj po vlastitom izboru. Za one koji su do\u0161li po avanturu, sigurno ih ne\u0107emo razo\u010darati! U ponudi imamo razne avanturisti\u010dke, sportske i rekreativne pakete u suradnji sa obu\u010denim vodi\u010dima. Pored ovoliko izbora jo\u0161 \u0107e najte\u017ee biti donijeti odluku, ali \u0161to god izaberete djelatnici agencije Paiz Travel \u0107e za Vas to ostvariti![\/vc_column_text][vc_empty_space height=&#8221;17px&#8221;]<div class=\"mkdf-google-map-holder\">\n\t<div class=\"mkdf-google-map\" id=\"mkdf-map-2790045\" data-addresses='[\"10 Ul Stara Issa, Vis Croatia\"]'  data-custom-map-style=false  data-saturation=1  data-lightness=1  data-zoom=16  data-pin=https:\/\/paiz-travel.com\/wp-content\/themes\/voyagewp\/assets\/img\/pin.png  data-unique-id=2790045  data-scroll-wheel=false  data-height=275><\/div>\n\t\t\t<div class=\"mkdf-google-map-overlay\"><\/div>\n\t<\/div>\n[vc_row_inner][vc_column_inner width=&#8221;1\/3&#8243;][vc_column_text]Turisti\u010dka Agencija Paiz Travel<br \/>\n\u0160etali\u0161te Stare Isse 10<br \/>\n21480 VIS[\/vc_column_text][\/vc_column_inner][vc_column_inner width=&#8221;1\/3&#8243;][vc_column_text]Voditelj: Katarina Pinceti\u0107<br \/>\nMob: +385 98 263-207<br \/>\nTel:\u00a0 +385 21 712-037[\/vc_column_text][\/vc_column_inner][vc_column_inner width=&#8221;1\/3&#8243;][vc_column_text]E-mail: <a href=\"mailto:info@paiz-travel.com\">info@paiz-travel.com<\/a><br \/>\nID KOD: HR-AB-21-17011000083[\/vc_column_text][\/vc_column_inner][\/vc_row_inner][vc_empty_space height=&#8221;34px&#8221;][\/vc_column][\/vc_row]<\/p>\n","protected":false},"excerpt":{"rendered":"<p>[vc_row content_width=&#8221;grid&#8221; css=&#8221;.vc_custom_1572821643585{padding-top: 45px !important;}&#8221;][vc_column width=&#8221;1\/2&#8243;][vc_empty_space height=&#8221;17px&#8221;][vc_single_image image=&#8221;3530&#8243; img_size=&#8221;large&#8221;][\/vc_column][vc_column width=&#8221;1\/2&#8243;][vc_column_text] O Nama [\/vc_column_text][vc_empty_space height=&#8221;17px&#8221;][vc_column_text]Dobrodo\u0161li na na\u0161e stranice i dopustite da vas Turisti\u010dka Agencija \u201cPaiz Travel\u201d povede na daleki otok Vis! \u201cPaiz Travel\u201d je turisti\u010dka agencija koja nudi posredni\u010dke i organizacijske usluge pri tra\u017eenju informacija, smje\u0161taja, usluga prijevoza i organizacije izleta. Dodatno nudi usluge organizacije vjen\u010danja i ostalih evenata za svoje goste. \u201cPaiz Travel\u201d je zami\u0161ljen je kao agencija koja nudi oto\u010dne proizvode i turisti\u010dke usluge po cijelom otoku i tako gostima olak\u0161ava njihovo kretanje i boravak na njemu.[\/vc_column_text][vc_column_text] Otok Vis&#8230;<\/p>\n","protected":false},"author":1,"featured_media":0,"parent":0,"menu_order":0,"comment_status":"closed","ping_status":"closed","template":"","meta":[],"yoast_head":"<!-- This site is optimized with the Yoast SEO plugin v20.11 - https:\/\/yoast.com\/wordpress\/plugins\/seo\/ -->\n<title>O Nama - Paiz Travel<\/title>\n<meta name=\"robots\" content=\"index, follow, max-snippet:-1, max-image-preview:large, max-video-preview:-1\" \/>\n<link rel=\"canonical\" href=\"https:\/\/paiz-travel.com\/hr\/o-nama\/\" \/>\n<meta property=\"og:locale\" content=\"hr_HR\" \/>\n<meta property=\"og:type\" content=\"article\" \/>\n<meta property=\"og:title\" content=\"O Nama - Paiz Travel\" \/>\n<meta property=\"og:description\" content=\"[vc_row content_width=&#8221;grid&#8221; css=&#8221;.vc_custom_1572821643585{padding-top: 45px !important;}&#8221;][vc_column width=&#8221;1\/2&#8243;][vc_empty_space height=&#8221;17px&#8221;][vc_single_image image=&#8221;3530&#8243; img_size=&#8221;large&#8221;][\/vc_column][vc_column width=&#8221;1\/2&#8243;][vc_column_text] O Nama [\/vc_column_text][vc_empty_space height=&#8221;17px&#8221;][vc_column_text]Dobrodo\u0161li na na\u0161e stranice i dopustite da vas Turisti\u010dka Agencija \u201cPaiz Travel\u201d povede na daleki otok Vis! \u201cPaiz Travel\u201d je turisti\u010dka agencija koja nudi posredni\u010dke i organizacijske usluge pri tra\u017eenju informacija, smje\u0161taja, usluga prijevoza i organizacije izleta. Dodatno nudi usluge organizacije vjen\u010danja i ostalih evenata za svoje goste. \u201cPaiz Travel\u201d je zami\u0161ljen je kao agencija koja nudi oto\u010dne proizvode i turisti\u010dke usluge po cijelom otoku i tako gostima olak\u0161ava njihovo kretanje i boravak na njemu.[\/vc_column_text][vc_column_text] Otok Vis...\" \/>\n<meta property=\"og:url\" content=\"https:\/\/paiz-travel.com\/hr\/o-nama\/\" \/>\n<meta property=\"og:site_name\" content=\"Paiz Travel\" \/>\n<meta property=\"article:modified_time\" content=\"2023-02-08T23:31:55+00:00\" \/>\n<meta name=\"twitter:card\" content=\"summary_large_image\" \/>\n<meta name=\"twitter:label1\" content=\"Procijenjeno vrijeme \u010ditanja\" \/>\n\t<meta name=\"twitter:data1\" content=\"1 minuta\" \/>\n<script type=\"application\/ld+json\" class=\"yoast-schema-graph\">{\"@context\":\"https:\/\/schema.org\",\"@graph\":[{\"@type\":\"WebPage\",\"@id\":\"https:\/\/paiz-travel.com\/hr\/o-nama\/\",\"url\":\"https:\/\/paiz-travel.com\/hr\/o-nama\/\",\"name\":\"O Nama - Paiz Travel\",\"isPartOf\":{\"@id\":\"https:\/\/paiz-travel.com\/#website\"},\"datePublished\":\"2016-04-05T10:19:13+00:00\",\"dateModified\":\"2023-02-08T23:31:55+00:00\",\"breadcrumb\":{\"@id\":\"https:\/\/paiz-travel.com\/hr\/o-nama\/#breadcrumb\"},\"inLanguage\":\"hr\",\"potentialAction\":[{\"@type\":\"ReadAction\",\"target\":[\"https:\/\/paiz-travel.com\/hr\/o-nama\/\"]}]},{\"@type\":\"BreadcrumbList\",\"@id\":\"https:\/\/paiz-travel.com\/hr\/o-nama\/#breadcrumb\",\"itemListElement\":[{\"@type\":\"ListItem\",\"position\":1,\"name\":\"Po\u010detna stranica\",\"item\":\"https:\/\/paiz-travel.com\/hr\/\"},{\"@type\":\"ListItem\",\"position\":2,\"name\":\"O Nama\"}]},{\"@type\":\"WebSite\",\"@id\":\"https:\/\/paiz-travel.com\/#website\",\"url\":\"https:\/\/paiz-travel.com\/\",\"name\":\"Paiz Travel\",\"description\":\"Vis Tourist Agency \",\"potentialAction\":[{\"@type\":\"SearchAction\",\"target\":{\"@type\":\"EntryPoint\",\"urlTemplate\":\"https:\/\/paiz-travel.com\/?s={search_term_string}\"},\"query-input\":\"required name=search_term_string\"}],\"inLanguage\":\"hr\"}]}<\/script>\n<!-- \/ Yoast SEO plugin. -->","yoast_head_json":{"title":"O Nama - Paiz Travel","robots":{"index":"index","follow":"follow","max-snippet":"max-snippet:-1","max-image-preview":"max-image-preview:large","max-video-preview":"max-video-preview:-1"},"canonical":"https:\/\/paiz-travel.com\/hr\/o-nama\/","og_locale":"hr_HR","og_type":"article","og_title":"O Nama - Paiz Travel","og_description":"[vc_row content_width=&#8221;grid&#8221; css=&#8221;.vc_custom_1572821643585{padding-top: 45px !important;}&#8221;][vc_column width=&#8221;1\/2&#8243;][vc_empty_space height=&#8221;17px&#8221;][vc_single_image image=&#8221;3530&#8243; img_size=&#8221;large&#8221;][\/vc_column][vc_column width=&#8221;1\/2&#8243;][vc_column_text] O Nama [\/vc_column_text][vc_empty_space height=&#8221;17px&#8221;][vc_column_text]Dobrodo\u0161li na na\u0161e stranice i dopustite da vas Turisti\u010dka Agencija \u201cPaiz Travel\u201d povede na daleki otok Vis! \u201cPaiz Travel\u201d je turisti\u010dka agencija koja nudi posredni\u010dke i organizacijske usluge pri tra\u017eenju informacija, smje\u0161taja, usluga prijevoza i organizacije izleta. Dodatno nudi usluge organizacije vjen\u010danja i ostalih evenata za svoje goste. \u201cPaiz Travel\u201d je zami\u0161ljen je kao agencija koja nudi oto\u010dne proizvode i turisti\u010dke usluge po cijelom otoku i tako gostima olak\u0161ava njihovo kretanje i boravak na njemu.[\/vc_column_text][vc_column_text] Otok Vis...","og_url":"https:\/\/paiz-travel.com\/hr\/o-nama\/","og_site_name":"Paiz Travel","article_modified_time":"2023-02-08T23:31:55+00:00","twitter_card":"summary_large_image","twitter_misc":{"Procijenjeno vrijeme \u010ditanja":"1 minuta"},"schema":{"@context":"https:\/\/schema.org","@graph":[{"@type":"WebPage","@id":"https:\/\/paiz-travel.com\/hr\/o-nama\/","url":"https:\/\/paiz-travel.com\/hr\/o-nama\/","name":"O Nama - Paiz Travel","isPartOf":{"@id":"https:\/\/paiz-travel.com\/#website"},"datePublished":"2016-04-05T10:19:13+00:00","dateModified":"2023-02-08T23:31:55+00:00","breadcrumb":{"@id":"https:\/\/paiz-travel.com\/hr\/o-nama\/#breadcrumb"},"inLanguage":"hr","potentialAction":[{"@type":"ReadAction","target":["https:\/\/paiz-travel.com\/hr\/o-nama\/"]}]},{"@type":"BreadcrumbList","@id":"https:\/\/paiz-travel.com\/hr\/o-nama\/#breadcrumb","itemListElement":[{"@type":"ListItem","position":1,"name":"Po\u010detna stranica","item":"https:\/\/paiz-travel.com\/hr\/"},{"@type":"ListItem","position":2,"name":"O Nama"}]},{"@type":"WebSite","@id":"https:\/\/paiz-travel.com\/#website","url":"https:\/\/paiz-travel.com\/","name":"Paiz Travel","description":"Vis Tourist Agency ","potentialAction":[{"@type":"SearchAction","target":{"@type":"EntryPoint","urlTemplate":"https:\/\/paiz-travel.com\/?s={search_term_string}"},"query-input":"required name=search_term_string"}],"inLanguage":"hr"}]}},"_links":{"self":[{"href":"https:\/\/paiz-travel.com\/hr\/wp-json\/wp\/v2\/pages\/6749"}],"collection":[{"href":"https:\/\/paiz-travel.com\/hr\/wp-json\/wp\/v2\/pages"}],"about":[{"href":"https:\/\/paiz-travel.com\/hr\/wp-json\/wp\/v2\/types\/page"}],"author":[{"embeddable":true,"href":"https:\/\/paiz-travel.com\/hr\/wp-json\/wp\/v2\/users\/1"}],"replies":[{"embeddable":true,"href":"https:\/\/paiz-travel.com\/hr\/wp-json\/wp\/v2\/comments?post=6749"}],"version-history":[{"count":7,"href":"https:\/\/paiz-travel.com\/hr\/wp-json\/wp\/v2\/pages\/6749\/revisions"}],"predecessor-version":[{"id":8679,"href":"https:\/\/paiz-travel.com\/hr\/wp-json\/wp\/v2\/pages\/6749\/revisions\/8679"}],"wp:attachment":[{"href":"https:\/\/paiz-travel.com\/hr\/wp-json\/wp\/v2\/media?parent=6749"}],"curies":[{"name":"wp","href":"https:\/\/api.w.org\/{rel}","templated":true}]}}