{"id":6759,"date":"2019-11-03T19:06:01","date_gmt":"2019-11-03T18:06:01","guid":{"rendered":"https:\/\/paiz-travel.com\/general-terms-of-accommodation-renting\/"},"modified":"2021-04-22T15:56:37","modified_gmt":"2021-04-22T13:56:37","slug":"opci-uvjeti-najma-smjestaja","status":"publish","type":"page","link":"https:\/\/paiz-travel.com\/hr\/opci-uvjeti-najma-smjestaja\/","title":{"rendered":"Op\u0107i uvjeti najma smje\u0161taja"},"content":{"rendered":"<p>[vc_row][vc_column css=&#8221;.vc_custom_1572804315442{padding-bottom: 35px !important;}&#8221;][vc_column_text]<\/p>\n<h1>Op\u0107i uvjeti najma smje\u0161taja<\/h1>\n<p>[\/vc_column_text][\/vc_column][\/vc_row][vc_row][vc_column][vc_column_text]<\/p>\n<p class=\"title\"><strong>1. Ponuda i potvrda rezervacije<\/strong><\/p>\n<div id=\"node-37\" class=\"node \">\n<div class=\"\">\n<p>Turisti\u010dka agencija Paiz Travel posreduje izme\u0111u Gosta i pru\u017eatelja usluga (u ime Vlasnika i za njegov ra\u010dun) te tako osigurava Gostu smje\u0161taj prema objavljenim informacijama dostupnima na stranicama http:\/\/www.paiz-travel.com, i u dogovorenom terminu, osim u slu\u010daju izvanrednih okolnosti ili vi\u0161e sile.<\/p>\n<p>* Vi\u0161a sila je okolnost na koju se ne mo\u017ee utjecati jer se ne mo\u017ee predvidjeti, pa samim time niti otkloniti (potresi, poplave, po\u017eari, \u0161trajk, teroristi\u010dke akcije, ratovi smrt pru\u017eatelja usluge ili njegove naju\u017ee obitelji)<\/p>\n<p><strong>2. Rezervacija i pla\u0107anje<\/strong><br \/>\nUpiti za rezervacije primaju se internetom (upitnik na web stranicama, e-mail) ili osobno u prostorijama Agencije. Za potvrdu rezervacije potrebno je da Gost, u roku od 7 dana od trenutka prihva\u0107anja ponude, uplati akontaciju u iznosu od 30% od ukupne cijene smje\u0161taja te po potrebi i po\u0161alje potvrdu o uplati, dok ostatak iznosa i eventualno boravi\u0161nu pristojbu Gost pla\u0107a u gotovini na recepciji Agencije na dan dolaska u smje\u0161tajnu jedinicu.<\/p>\n<p><strong>3. Cijena smje\u0161taja<\/strong><br \/>\nCijene su objavljene uz svaku smje\u0161tajnu jedinicu. Objavljene su u eurima. Ukoliko postoje posebne napomene u vezi cijena one \u0107e biti iskazane kao takve ispod izra\u017eenih cijena objekta na web stranicama Agencije.<\/p>\n<p>Cijena uklju\u010duje: dnevni najam, tjedno mijenjanje posteljine, ru\u010dnike, utro\u0161ak struje i vode, pribor za kuhanje i jelo (apartmani), pribor za \u010di\u0161\u0107enje.<\/p>\n<p>Posebne usluge nisu uklju\u010dene u cijenu (doru\u010dak, iznajmljivanje \u010damca, kori\u0161tenje veza za brod) te ih treba platiti posebno.<\/p>\n<p>U slu\u010daju promjene cijena odre\u0111ene smje\u0161tajne jedinice nakon izvr\u0161ene prijave, a prije upla\u0107ene akontacije Agencija se obvezuje odmah obavijestiti Gosta o tome te mu poslati novi obra\u010dun. Za Goste koji su uplatili akontaciju, Agencija jam\u010di da \u0107e preostali dio biti obra\u010dunat po osnovi prija\u0161nje kalkulacije po kojoj je Gost rezervirao odre\u0111enu smje\u0161tajnu jedinicu.<\/p>\n<p><strong>4. Kategorizacija<\/strong><br \/>\nSmje\u0161tajne jedinice su opisane prema slu\u017ebenoj kategorizaciji nadle\u017ene institucije, te je Vlasnik du\u017ean dodijeljenu kategoriju istaknuti na vidno mjesto.<br \/>\nStandardi smje\u0161taja, prehrane i usluga pojedinih zemalja su razli\u010diti i ne mogu se usporediti.<br \/>\nInformacije koje Gost dobije u smje\u0161tajnoj jedinici ne obvezuju Agenciju u ve\u0107oj mjeri nego informacije objavljene na internet stranicama Agencije.<\/p>\n<p><strong>5. Pravo Agencije na promjene i otkaz<\/strong><br \/>\nAgencija zadr\u017eava pravo promjene rezervacije ako nastupe izvanredne okolnosti ili vi\u0161a sila. Rezervirani smje\u0161taj mo\u017ee se zamijeniti samo uz prethodnu obavijest Gostu i to sa smje\u0161tajem iste ili vi\u0161e kategorije i po cijeni po kojoj je rezervacija potvr\u0111ena. Ako je zamjenski smje\u0161taj mogu\u0107 samo u objektu po cijeni ve\u0107oj za 15% od cijene rezerviranog smje\u0161taja, Agencija zadr\u017eava pravo naplate razlike u cijeni uz konzultaciju s Gostom. Ukoliko zamjena nije mogu\u0107a, Agencija zadr\u017eava pravo otkaza rezervacije uz prethodnu obavijest Gostu prije po\u010detka kori\u0161tenja usluge te mu jam\u010di povrat upla\u0107ene akontacije.<\/p>\n<p><strong>6. \u00a0Pravo Gosta na promjene i otkaz<\/strong><br \/>\nUkoliko Gost \u017eeli otkazati rezervirani smje\u0161taj, treba to u\u010diniti pismenim putem (e-mail, po\u0161ta).<br \/>\nPuni iznos akontacije Agencija vra\u0107a za sve otkazane rezervacije 60 ili vi\u0161e dana do dogovorenoga dana dolaska Gosta, a zadr\u017eava cijeli iznos akontacije unutar 60 dana do po\u010detka rezervacije. U slu\u010daju otkaza rezervacije te povrata akontacije Gostu, Agencija zadr\u017eava pravo naplate manipulativnih tro\u0161kova u iznosu od 180,00 HRK. Ako Gost ne otka\u017ee rezervaciju, ali se ne pojavi na vrijeme, Agencija ima pravo naplatiti cjelokupan iznos rezervacije.<\/p>\n<p><strong>7. Obveze Agencije i Vlasnika smje\u0161tajne jedinice<\/strong><br \/>\nObveza Agencije je:<br \/>\n\u2013 briga o provedbi usluga kao i izboru pru\u017eatelja usluga,<br \/>\n\u2013 briga o pravima i interesima Gosta, sukladno dobrim obi\u010dajima u turizmu.<br \/>\nObveza Vlasnika je:<br \/>\n\u2013 Gostu pru\u017eiti sve zakupljene usluge.<\/p>\n<p>* Agencija i Vlasnik isklju\u010duju svaku odgovornost u slu\u010daju promjena ili neizvr\u0161enja usluga prouzro\u010denih vi\u0161om silom.<\/p>\n<p><strong>8. Obveze Gosta<\/strong><br \/>\nGost je obvezan:<br \/>\n\u2013 posjedovati ispravne putne isprave te pribaviti vizu ako mu je potrebna za ulazak u Republiku Hrvatsku,<br \/>\n\u2013 po\u0161tivati carinske i devizne propise Republike Hrvatske,<br \/>\n\u2013 pridr\u017eavati se ku\u0107nog reda u smje\u0161tajnoj jedinici, te sura\u0111ivati s pru\u017eateljima usluga u dobroj namjeri,<br \/>\n\u2013 svaku na\u010dinjenu \u0161tetu u smje\u0161tajnoj jedinici Gost je du\u017ean prijaviti Vlasniku ili Agenciji odmah te je na licu mjesta u cijelosti nadoknaditi,<br \/>\n\u2013 prilikom dolaska u mjesto boravka zastupniku Agencije treba predo\u010diti voucher s detaljima o broju osoba i vrsti usluga koje im moraju biti pru\u017eene.<br \/>\nGost \u0107e snositi odgovornost i tro\u0161kove nastale zbog nepo\u0161tivanja obveza.<\/p>\n<p>Gosti u smje\u0161tajnu jedinicu dolaze poslije 14:00 sati, a na dan odlaska smje\u0161tajnu jedinicu napu\u0161taju do 10:00 sati, ukoliko nije druk\u010dije dogovoreno. Predaja klju\u010deva smje\u0161tajnih jedinica se obavlja u samom objektu od strane Vlasnika ili uz pratnju predstavnika Agencije.<\/p>\n<p><strong>9. Prtljaga<\/strong><br \/>\nAgencija ne odgovara za prtljagu koja je uni\u0161tena, o\u0161te\u0107ena, izgubljena ili ukradena u smje\u0161tajnoj jedinici. Izgubljena prtljaga ili kra\u0111a prijavljuju se pru\u017eatelju usluge smje\u0161taja i nadle\u017enoj policijskoj postaji.<\/p>\n<p><strong>10. Reklamacije<\/strong><br \/>\nGost ima pravo tra\u017eiti odre\u0111enu naknadu za neizvr\u0161ene upla\u0107ene usluge. Pri zahtjevu Gost mora prilo\u017eiti pismeni prigovor.<\/p>\n<p>Postupak u svezi s prigovorom:<br \/>\n\u2013 Ukoliko Gost na samom odredi\u0161tu nije zadovoljan stanjem smje\u0161tajne jedinice, treba odmah po dolasku izvijestiti Agenciju, odnosno reklamacije odmah iznijeti Vlasniku. Gost je obvezan sura\u0111ivati s predstavnikom Agencije i Vlasnikom u dobroj namjeri da bi se uzroci nezadovoljstva uklonili. Ako je prigovor opravdan te pru\u017eena usluga Vlasnika nije zadovoljavaju\u0107a Agencija \u0107e napraviti sve da Gost dobije prihvatljivo rje\u0161enje koje odgovara upla\u0107enoj usluzi Vlasniku. Agencija ili Vlasnik ne smiju Gostu kao zamjenski smje\u0161taj ponuditi uslugu manje vrijednosti.<br \/>\n\u2013 Ako Gost samoinicijativno napusti smje\u0161tajnu jedinicu i prona\u0111e drugi smje\u0161taj te tako ne pru\u017ei priliku Agenciji da rije\u0161i problem, onda Gost nema pravo tra\u017eiti povrat novca niti uputiti tu\u017ebu za nadoknadom \u0161tete.<br \/>\n\u2013 Ukoliko Gost ne napravi reklamaciju smje\u0161taja na licu mjesta ne ostvaruje pravo povrata novca.<\/p>\n<p><strong>11. Nadle\u017enost suda<\/strong><br \/>\nAko gost nije zadovoljan rje\u0161enjem prigovora, ima pravo na sudsku arbitra\u017eu. U takvom slu\u010daju nadle\u017ean je Trgova\u010dki sud u Splitu.<\/p>\n<p><strong>12. Napomena<\/strong><br \/>\nUpla\u0107ivanjem akontacije Gost u cijelosti prihva\u0107a navedene Op\u0107e uvjete najma smje\u0161taja.<\/p>\n<\/div>\n<\/div>\n<p>[\/vc_column_text][\/vc_column][\/vc_row]<\/p>\n","protected":false},"excerpt":{"rendered":"<p>[vc_row][vc_column css=&#8221;.vc_custom_1572804315442{padding-bottom: 35px !important;}&#8221;][vc_column_text] Op\u0107i uvjeti najma smje\u0161taja [\/vc_column_text][\/vc_column][\/vc_row][vc_row][vc_column][vc_column_text] 1. Ponuda i potvrda rezervacije Turisti\u010dka agencija Paiz Travel posreduje izme\u0111u Gosta i pru\u017eatelja usluga (u ime Vlasnika i za njegov ra\u010dun) te tako osigurava Gostu smje\u0161taj prema objavljenim informacijama dostupnima na stranicama http:\/\/www.paiz-travel.com, i u dogovorenom terminu, osim u slu\u010daju izvanrednih okolnosti ili vi\u0161e sile. * Vi\u0161a sila je okolnost na koju se ne mo\u017ee utjecati jer se ne mo\u017ee predvidjeti, pa samim time niti otkloniti (potresi, poplave, po\u017eari, \u0161trajk, teroristi\u010dke akcije, ratovi smrt pru\u017eatelja usluge ili njegove naju\u017ee obitelji)&#8230;<\/p>\n","protected":false},"author":1,"featured_media":0,"parent":0,"menu_order":0,"comment_status":"closed","ping_status":"closed","template":"","meta":[],"yoast_head":"<!-- This site is optimized with the Yoast SEO plugin v20.11 - https:\/\/yoast.com\/wordpress\/plugins\/seo\/ -->\n<title>Op\u0107i uvjeti najma smje\u0161taja - Paiz Travel<\/title>\n<meta name=\"robots\" content=\"index, follow, max-snippet:-1, max-image-preview:large, max-video-preview:-1\" \/>\n<link rel=\"canonical\" href=\"https:\/\/paiz-travel.com\/hr\/opci-uvjeti-najma-smjestaja\/\" \/>\n<meta property=\"og:locale\" content=\"hr_HR\" \/>\n<meta property=\"og:type\" content=\"article\" \/>\n<meta property=\"og:title\" content=\"Op\u0107i uvjeti najma smje\u0161taja - Paiz Travel\" \/>\n<meta property=\"og:description\" content=\"[vc_row][vc_column css=&#8221;.vc_custom_1572804315442{padding-bottom: 35px !important;}&#8221;][vc_column_text] Op\u0107i uvjeti najma smje\u0161taja [\/vc_column_text][\/vc_column][\/vc_row][vc_row][vc_column][vc_column_text] 1. Ponuda i potvrda rezervacije Turisti\u010dka agencija Paiz Travel posreduje izme\u0111u Gosta i pru\u017eatelja usluga (u ime Vlasnika i za njegov ra\u010dun) te tako osigurava Gostu smje\u0161taj prema objavljenim informacijama dostupnima na stranicama http:\/\/www.paiz-travel.com, i u dogovorenom terminu, osim u slu\u010daju izvanrednih okolnosti ili vi\u0161e sile. * Vi\u0161a sila je okolnost na koju se ne mo\u017ee utjecati jer se ne mo\u017ee predvidjeti, pa samim time niti otkloniti (potresi, poplave, po\u017eari, \u0161trajk, teroristi\u010dke akcije, ratovi smrt pru\u017eatelja usluge ili njegove naju\u017ee obitelji)...\" \/>\n<meta property=\"og:url\" content=\"https:\/\/paiz-travel.com\/hr\/opci-uvjeti-najma-smjestaja\/\" \/>\n<meta property=\"og:site_name\" content=\"Paiz Travel\" \/>\n<meta property=\"article:modified_time\" content=\"2021-04-22T13:56:37+00:00\" \/>\n<meta name=\"twitter:card\" content=\"summary_large_image\" \/>\n<meta name=\"twitter:label1\" content=\"Procijenjeno vrijeme \u010ditanja\" \/>\n\t<meta name=\"twitter:data1\" content=\"5 minuta\" \/>\n<script type=\"application\/ld+json\" class=\"yoast-schema-graph\">{\"@context\":\"https:\/\/schema.org\",\"@graph\":[{\"@type\":\"WebPage\",\"@id\":\"https:\/\/paiz-travel.com\/hr\/opci-uvjeti-najma-smjestaja\/\",\"url\":\"https:\/\/paiz-travel.com\/hr\/opci-uvjeti-najma-smjestaja\/\",\"name\":\"Op\u0107i uvjeti najma smje\u0161taja - Paiz Travel\",\"isPartOf\":{\"@id\":\"https:\/\/paiz-travel.com\/#website\"},\"datePublished\":\"2019-11-03T18:06:01+00:00\",\"dateModified\":\"2021-04-22T13:56:37+00:00\",\"breadcrumb\":{\"@id\":\"https:\/\/paiz-travel.com\/hr\/opci-uvjeti-najma-smjestaja\/#breadcrumb\"},\"inLanguage\":\"hr\",\"potentialAction\":[{\"@type\":\"ReadAction\",\"target\":[\"https:\/\/paiz-travel.com\/hr\/opci-uvjeti-najma-smjestaja\/\"]}]},{\"@type\":\"BreadcrumbList\",\"@id\":\"https:\/\/paiz-travel.com\/hr\/opci-uvjeti-najma-smjestaja\/#breadcrumb\",\"itemListElement\":[{\"@type\":\"ListItem\",\"position\":1,\"name\":\"Po\u010detna stranica\",\"item\":\"https:\/\/paiz-travel.com\/hr\/\"},{\"@type\":\"ListItem\",\"position\":2,\"name\":\"Op\u0107i uvjeti najma smje\u0161taja\"}]},{\"@type\":\"WebSite\",\"@id\":\"https:\/\/paiz-travel.com\/#website\",\"url\":\"https:\/\/paiz-travel.com\/\",\"name\":\"Paiz Travel\",\"description\":\"Vis Tourist Agency \",\"potentialAction\":[{\"@type\":\"SearchAction\",\"target\":{\"@type\":\"EntryPoint\",\"urlTemplate\":\"https:\/\/paiz-travel.com\/?s={search_term_string}\"},\"query-input\":\"required name=search_term_string\"}],\"inLanguage\":\"hr\"}]}<\/script>\n<!-- \/ Yoast SEO plugin. -->","yoast_head_json":{"title":"Op\u0107i uvjeti najma smje\u0161taja - Paiz Travel","robots":{"index":"index","follow":"follow","max-snippet":"max-snippet:-1","max-image-preview":"max-image-preview:large","max-video-preview":"max-video-preview:-1"},"canonical":"https:\/\/paiz-travel.com\/hr\/opci-uvjeti-najma-smjestaja\/","og_locale":"hr_HR","og_type":"article","og_title":"Op\u0107i uvjeti najma smje\u0161taja - Paiz Travel","og_description":"[vc_row][vc_column css=&#8221;.vc_custom_1572804315442{padding-bottom: 35px !important;}&#8221;][vc_column_text] Op\u0107i uvjeti najma smje\u0161taja [\/vc_column_text][\/vc_column][\/vc_row][vc_row][vc_column][vc_column_text] 1. Ponuda i potvrda rezervacije Turisti\u010dka agencija Paiz Travel posreduje izme\u0111u Gosta i pru\u017eatelja usluga (u ime Vlasnika i za njegov ra\u010dun) te tako osigurava Gostu smje\u0161taj prema objavljenim informacijama dostupnima na stranicama http:\/\/www.paiz-travel.com, i u dogovorenom terminu, osim u slu\u010daju izvanrednih okolnosti ili vi\u0161e sile. * Vi\u0161a sila je okolnost na koju se ne mo\u017ee utjecati jer se ne mo\u017ee predvidjeti, pa samim time niti otkloniti (potresi, poplave, po\u017eari, \u0161trajk, teroristi\u010dke akcije, ratovi smrt pru\u017eatelja usluge ili njegove naju\u017ee obitelji)...","og_url":"https:\/\/paiz-travel.com\/hr\/opci-uvjeti-najma-smjestaja\/","og_site_name":"Paiz Travel","article_modified_time":"2021-04-22T13:56:37+00:00","twitter_card":"summary_large_image","twitter_misc":{"Procijenjeno vrijeme \u010ditanja":"5 minuta"},"schema":{"@context":"https:\/\/schema.org","@graph":[{"@type":"WebPage","@id":"https:\/\/paiz-travel.com\/hr\/opci-uvjeti-najma-smjestaja\/","url":"https:\/\/paiz-travel.com\/hr\/opci-uvjeti-najma-smjestaja\/","name":"Op\u0107i uvjeti najma smje\u0161taja - Paiz Travel","isPartOf":{"@id":"https:\/\/paiz-travel.com\/#website"},"datePublished":"2019-11-03T18:06:01+00:00","dateModified":"2021-04-22T13:56:37+00:00","breadcrumb":{"@id":"https:\/\/paiz-travel.com\/hr\/opci-uvjeti-najma-smjestaja\/#breadcrumb"},"inLanguage":"hr","potentialAction":[{"@type":"ReadAction","target":["https:\/\/paiz-travel.com\/hr\/opci-uvjeti-najma-smjestaja\/"]}]},{"@type":"BreadcrumbList","@id":"https:\/\/paiz-travel.com\/hr\/opci-uvjeti-najma-smjestaja\/#breadcrumb","itemListElement":[{"@type":"ListItem","position":1,"name":"Po\u010detna stranica","item":"https:\/\/paiz-travel.com\/hr\/"},{"@type":"ListItem","position":2,"name":"Op\u0107i uvjeti najma smje\u0161taja"}]},{"@type":"WebSite","@id":"https:\/\/paiz-travel.com\/#website","url":"https:\/\/paiz-travel.com\/","name":"Paiz Travel","description":"Vis Tourist Agency ","potentialAction":[{"@type":"SearchAction","target":{"@type":"EntryPoint","urlTemplate":"https:\/\/paiz-travel.com\/?s={search_term_string}"},"query-input":"required name=search_term_string"}],"inLanguage":"hr"}]}},"_links":{"self":[{"href":"https:\/\/paiz-travel.com\/hr\/wp-json\/wp\/v2\/pages\/6759"}],"collection":[{"href":"https:\/\/paiz-travel.com\/hr\/wp-json\/wp\/v2\/pages"}],"about":[{"href":"https:\/\/paiz-travel.com\/hr\/wp-json\/wp\/v2\/types\/page"}],"author":[{"embeddable":true,"href":"https:\/\/paiz-travel.com\/hr\/wp-json\/wp\/v2\/users\/1"}],"replies":[{"embeddable":true,"href":"https:\/\/paiz-travel.com\/hr\/wp-json\/wp\/v2\/comments?post=6759"}],"version-history":[{"count":3,"href":"https:\/\/paiz-travel.com\/hr\/wp-json\/wp\/v2\/pages\/6759\/revisions"}],"predecessor-version":[{"id":6761,"href":"https:\/\/paiz-travel.com\/hr\/wp-json\/wp\/v2\/pages\/6759\/revisions\/6761"}],"wp:attachment":[{"href":"https:\/\/paiz-travel.com\/hr\/wp-json\/wp\/v2\/media?parent=6759"}],"curies":[{"name":"wp","href":"https:\/\/api.w.org\/{rel}","templated":true}]}}