{"id":6764,"date":"2019-10-31T17:56:13","date_gmt":"2019-10-31T16:56:13","guid":{"rendered":"https:\/\/paiz-travel.com\/cookie-policy\/"},"modified":"2021-04-22T15:59:59","modified_gmt":"2021-04-22T13:59:59","slug":"pravila-o-kolacicima","status":"publish","type":"page","link":"https:\/\/paiz-travel.com\/hr\/pravila-o-kolacicima\/","title":{"rendered":"Pravila o kola\u010di\u0107ima"},"content":{"rendered":"\r\n<p>Kako bi ova internetska stranica radila pravilno te u svrhu pobolj\u0161avanja va\u0161ega iskustva pregledavanja, ova stranica mora na va\u0161e ra\u010dunalo spremiti malenu koli\u010dinu informacija (tzv.\u00a0<i>cookies<\/i>\u00a0datoteke). Preko 90 % svih internetskih stranica koristi ovu praksu, no prema regulacijama Europske unije od 25. 03. 2011. obvezni smo prije spremanja \u201ckola\u010di\u0107a\u201d zatra\u017eiti va\u0161 pristanak. Kori\u0161tenjem internetske stranice pristajete na uporabu \u201ckola\u010di\u0107a\u201d. Blokiranjem \u2018kola\u010di\u0107a\u2019 i dalje mo\u017eete pregledavati stranicu, no neke njezine mogu\u0107nosti ne\u0107e vam biti dostupne.<\/p>\r\n<p><b>\u0160to je\u00a0<i>HTTP cookie<\/i>\u00a0(\u201ckola\u010di\u0107\u201d)?<\/b><\/p>\r\n<p><b>\u201c<\/b>Kola\u010di\u0107\u201d je informacija spremljena na va\u0161e ra\u010dunalo od strane internetske stranice koju posjetite. \u201cKola\u010di\u0107i\u201d obi\u010dno spremaju va\u0161e postavke, postavke za internetsku stranicu, kao \u0161to su preferirani jezik ili adresa. Kasnije, kada opet otvorite istu internetsku stranicu, internetski preglednik \u0161alje natrag \u201ckola\u010di\u0107e\u201d koji pripadaju toj stranici. Ovo omogu\u0107ava stranici da prika\u017ee informacije prilago\u0111ene va\u0161im potrebama.<\/p>\r\n<p>\u201cKola\u010di\u0107i\u201d mogu spremati \u0161irok raspon informacija uklju\u010duju\u0107i osobne informacije (kao \u0161to je va\u0161e ime ili adresa e-po\u0161te). Ipak, ova informacija mo\u017ee biti spremljena jedino ako vi to omogu\u0107ite &#8211; internetske stranice ne mogu dobiti pristup informacijama koji im niste dali i ne mogu pristupiti drugim datotekama na va\u0161em ra\u010dunalu. Zadane aktivnosti spremanja i slanja \u201ckola\u010di\u0107a\u201d vama nisu vidljive. Ipak, mo\u017eete promjeniti svoje postavke internetskog preglednika kako biste mogli sami birati ho\u0107ete li zahtjeve za spremanje \u201ckola\u010di\u0107a\u201d odobriti ili odbiti, ho\u0107ete li pobrisati spremljene \u201ckola\u010di\u0107e\u201d automatski pri zatvaranju internetskog preglednika i sli\u010dno.<\/p>\r\n<p><b>Kako onemogu\u0107iti \u201ckola\u010di\u0107e\u201d<\/b><\/p>\r\n<p>Isklju\u010divanjem \u201ckola\u010di\u0107a\u201d odlu\u010dujete ho\u0107ete li dopustiti pohranjivanje kola\u010di\u0107a na va\u0161em ra\u010dunalu. Postavke \u201ckola\u010di\u0107a\u201d mogu se kontrolirati i konfigurirati u va\u0161em internetskom pregledniku.<\/p>\r\n<p>Za informacije o postavkama \u201ckola\u010di\u0107a\u201d, odaberite internetski preglednik koji koristite.<\/p>\r\n<ul>\r\n<li><a href=\"https:\/\/support.apple.com\/kb\/PH19214?viewlocale=hr_HR&amp;locale=en_US\" target=\"_blank\" rel=\"noopener\">Apple Safari<\/a><\/li>\r\n<li><a href=\"https:\/\/support.google.com\/chrome\/answer\/95647?hl=hr\" target=\"_blank\" rel=\"noopener\">Google Chrome<\/a><\/li>\r\n<li><a href=\"https:\/\/support.mozilla.org\/hr\/kb\/Kola%C4%8Di%C4%87i\" target=\"_blank\" rel=\"noopener\">Mozilla Firefox<\/a><\/li>\r\n<li><a href=\"http:\/\/windows.microsoft.com\/hr-hr\/internet-explorer\/delete-manage-cookies#ie=ie-11\" target=\"_blank\" rel=\"noopener\">MS Internet Explorer<\/a><\/li>\r\n<li><a href=\"http:\/\/help.opera.com\/Windows\/9.01\/hr\/cookies.html\" target=\"_blank\" rel=\"noopener\">Opera<\/a><\/li>\r\n<\/ul>\r\n<p>Ako onemogu\u0107ite \u201ckola\u010di\u0107e\u201d, ne\u0107ete mo\u0107i koristiti neke od funkcionalnosti na internetskim stranicama.<\/p>\r\n<p><b>\u0160to su privremeni \u201ckola\u010di\u0107i\u201d (<i>session cookie<\/i>)?<\/b><\/p>\r\n<p>Privremeni \u201ckola\u010di\u0107i\u201d ili \u201ckola\u010di\u0107i\u201d sesije uklanjaju se s ra\u010dunala po zatvaranju internetskog preglednika. Pomo\u0107u njih internetske stranice pohranjuju privremene podatke, poput stavki u ko\u0161arici za kupnju.<\/p>\r\n<p><b>\u0160to su stalni \u201ckola\u010di\u0107i\u201d (<i>persistent cookie<\/i>)?<\/b><\/p>\r\n<p>Stalni ili spremljeni \u201ckola\u010di\u0107i\u201d ostaju na ra\u010dunalu i nakon zatvaranja programa &#8211; internetskih preglednika. Pomo\u0107u njih internet stranice pohranjuju podatke kao \u0161to su ime za prijavu i lozinka, tako da se ne morate prijavljivati prilikom svakog posjeta odre\u0111enim stranicama. Stalni kola\u010di\u0107i ostat \u0107e na ra\u010dunalu danima, mjesecima, \u010dak i godinama (ovisno o postavkama).<\/p>\r\n<p><b>\u0160to su \u201ckola\u010di\u0107i\u201d od prve strane (<i>first-party cookie<\/i>)?<\/b><\/p>\r\n<p>\u201cKola\u010di\u0107i\u201d od prve strane dolaze s internetske stranice \u00a0koju gledate, a mogu biti stalni ili privremeni. Pomo\u0107u tih \u201ckola\u010di\u0107a\u201d internetske stranice mogu pohraniti podatke koje \u0107e ponovo koristiti prilikom korisnikovog sljede\u0107eg posjeta tim stranicama kako bi pobolj\u0161ale korisni\u010dko iskustvo i ostalo.<\/p>\r\n<p><b>\u0160to su \u201ckola\u010di\u0107i\u201d tre\u0107e strane (<i>third-party cookie<\/i>)?<\/b><\/p>\r\n<p>\u201cKola\u010di\u0107i\u201d tre\u0107e strane dolaze od reklama drugih internet domena (kao \u0161to su sko\u010dne ili druge reklame) koje se nalaze na internet stranicama koje gledate. Pomo\u0107u tih kola\u010di\u0107a razli\u010dite internetske domene \u00a0mogu pratiti kori\u0161tenje interneta u marketin\u0161ke svrhe.<\/p>\r\n<p><b>Koristi li iarh.hr \u201ckola\u010di\u0107e\u201d?<\/b><\/p>\r\n<p>Da, s primarnim ciljem kako bi na\u0161e internetske stranice omogu\u0107ile bolje korisni\u010dko iskustvo i lak\u0161i pregled podataka.<\/p>\r\n<p><b>Kakve \u201ckola\u010di\u0107e\u201d koristi iarh.hr i za\u0161to?<\/b><\/p>\r\n<ul>\r\n<li><b>Privremeni \u201ckola\u010di\u0107i\u201d (<i>session cookies<\/i>) \u2013 \u201c<\/b>kola\u010di\u0107i\u201d koji se uklanjaju s ra\u010dunala nakon zatvaranja internetskog preglednika. Koriste se u autorizacijske svrhe i privremeno pam\u0107enje korisni\u010dkih postavki pri pregledu stranica.<\/li>\r\n<li><b>Trajni \u201ckola\u010di\u0107i\u201d (<i>persistent cookies<\/i>) \u2013<\/b>\u00a0obi\u010dno imaju datum isteka daleko u budu\u0107nost i toliko \u0107e ostati u va\u0161em pregledniku (ili do ru\u010dnog brisanja). Trajne \u201ckola\u010di\u0107e\u201d koristimo kako bismo bolje razumjeli navike korisnika te u svrhu pobolj\u0161anja internetskih stranica prema navikama pojedinog korisnika. Ova informacija je anonimna \u2013 ne bilje\u017ee se individualni podaci korisnika ve\u0107 samo pretra\u017eiva\u010da.<\/li>\r\n<\/ul>\r\n<p><b>Ima li na iarh.hr stranici \u201ckola\u010di\u0107a\u201d tre\u0107e strane (<i>third-party cookies<\/i>)?<\/b><\/p>\r\n<p>Postoji nekoliko servisa koji korisniku spremaju odre\u0111enu koli\u010dinu navedenih \u201ckola\u010di\u0107a\u201d. Ovi \u201ckola\u010di\u0107i\u201d nisu postavljeni od strane ove internetske stranice, ali neki slu\u017ee za normalno funkcioniranje odre\u0111enih mogu\u0107nosti koje korisnicima olak\u0161avaju pristup sadr\u017eaju.<\/p>\r\n<p>Od vanjskih servisa trenuta\u010dno se koristi samo<b>\u00a0mjerenje posje\u0107enosti<\/b>. Internet stranice iarh.hr koriste servis za mjerenje posje\u0107enosti Google analytics.<\/p>\r\n<p>Ako \u017eelite onemogu\u0107iti da vam navedeni servis sprema \u201ckola\u010di\u0107e\u201d, to mo\u017eete u\u010diniti na sljede\u0107oj poveznici:<\/p>\r\n<ul>\r\n<li><a href=\"https:\/\/tools.google.com\/dlpage\/gaoptout\" target=\"_blank\" rel=\"noopener\">Google Analytics Opt-out Browser Add-on<\/a><\/li>\r\n<\/ul>\r\n<p><b>Dodatne informacija oko isklju\u010divanja kola\u010di\u0107a<\/b><\/p>\r\n<p>Trenutno postoji nekoliko internetskih stranica za isklju\u010divanje pohranjivanja kola\u010di\u0107a za razli\u010dite servise.<\/p>\r\n<p>Vi\u0161e se mo\u017eete informirati na sljede\u0107im linkovima:<\/p>\r\n<ul>\r\n<li><a href=\"http:\/\/www.allaboutcookies.org\/\" target=\"_blank\" rel=\"nofollow noopener\">http:\/\/www.allaboutcookies.org\/<\/a><\/li>\r\n<li><a href=\"http:\/\/www.youronlinechoices.eu\/\" target=\"_blank\" rel=\"nofollow noopener\">http:\/\/www.youronlinechoices.eu\/<\/a><\/li>\r\n<\/ul>\r\n","protected":false},"excerpt":{"rendered":"<p>Kako bi ova internetska stranica radila pravilno te u svrhu pobolj\u0161avanja va\u0161ega iskustva pregledavanja, ova stranica mora na va\u0161e ra\u010dunalo spremiti malenu koli\u010dinu informacija (tzv.\u00a0cookies\u00a0datoteke). Preko 90 % svih internetskih stranica koristi ovu praksu, no prema regulacijama Europske unije od 25. 03. 2011. obvezni smo prije spremanja \u201ckola\u010di\u0107a\u201d zatra\u017eiti va\u0161 pristanak. Kori\u0161tenjem internetske stranice pristajete na uporabu \u201ckola\u010di\u0107a\u201d. Blokiranjem \u2018kola\u010di\u0107a\u2019 i dalje mo\u017eete pregledavati stranicu, no neke njezine mogu\u0107nosti ne\u0107e vam biti dostupne. \u0160to je\u00a0HTTP cookie\u00a0(\u201ckola\u010di\u0107\u201d)? \u201cKola\u010di\u0107\u201d je informacija spremljena na va\u0161e ra\u010dunalo od strane internetske stranice koju posjetite. \u201cKola\u010di\u0107i\u201d&#8230;<\/p>\n","protected":false},"author":1,"featured_media":0,"parent":0,"menu_order":0,"comment_status":"closed","ping_status":"open","template":"","meta":[],"yoast_head":"<!-- This site is optimized with the Yoast SEO plugin v20.11 - https:\/\/yoast.com\/wordpress\/plugins\/seo\/ -->\n<title>Pravila o kola\u010di\u0107ima - Paiz Travel<\/title>\n<meta name=\"robots\" content=\"index, follow, max-snippet:-1, max-image-preview:large, max-video-preview:-1\" \/>\n<link rel=\"canonical\" href=\"https:\/\/paiz-travel.com\/hr\/pravila-o-kolacicima\/\" \/>\n<meta property=\"og:locale\" content=\"hr_HR\" \/>\n<meta property=\"og:type\" content=\"article\" \/>\n<meta property=\"og:title\" content=\"Pravila o kola\u010di\u0107ima - Paiz Travel\" \/>\n<meta property=\"og:description\" content=\"Kako bi ova internetska stranica radila pravilno te u svrhu pobolj\u0161avanja va\u0161ega iskustva pregledavanja, ova stranica mora na va\u0161e ra\u010dunalo spremiti malenu koli\u010dinu informacija (tzv.\u00a0cookies\u00a0datoteke). Preko 90 % svih internetskih stranica koristi ovu praksu, no prema regulacijama Europske unije od 25. 03. 2011. obvezni smo prije spremanja \u201ckola\u010di\u0107a\u201d zatra\u017eiti va\u0161 pristanak. Kori\u0161tenjem internetske stranice pristajete na uporabu \u201ckola\u010di\u0107a\u201d. Blokiranjem \u2018kola\u010di\u0107a\u2019 i dalje mo\u017eete pregledavati stranicu, no neke njezine mogu\u0107nosti ne\u0107e vam biti dostupne. \u0160to je\u00a0HTTP cookie\u00a0(\u201ckola\u010di\u0107\u201d)? \u201cKola\u010di\u0107\u201d je informacija spremljena na va\u0161e ra\u010dunalo od strane internetske stranice koju posjetite. \u201cKola\u010di\u0107i\u201d...\" \/>\n<meta property=\"og:url\" content=\"https:\/\/paiz-travel.com\/hr\/pravila-o-kolacicima\/\" \/>\n<meta property=\"og:site_name\" content=\"Paiz Travel\" \/>\n<meta property=\"article:modified_time\" content=\"2021-04-22T13:59:59+00:00\" \/>\n<meta name=\"twitter:card\" content=\"summary_large_image\" \/>\n<meta name=\"twitter:label1\" content=\"Procijenjeno vrijeme \u010ditanja\" \/>\n\t<meta name=\"twitter:data1\" content=\"3 minute\" \/>\n<script type=\"application\/ld+json\" class=\"yoast-schema-graph\">{\"@context\":\"https:\/\/schema.org\",\"@graph\":[{\"@type\":\"WebPage\",\"@id\":\"https:\/\/paiz-travel.com\/hr\/pravila-o-kolacicima\/\",\"url\":\"https:\/\/paiz-travel.com\/hr\/pravila-o-kolacicima\/\",\"name\":\"Pravila o kola\u010di\u0107ima - Paiz Travel\",\"isPartOf\":{\"@id\":\"https:\/\/paiz-travel.com\/#website\"},\"datePublished\":\"2019-10-31T16:56:13+00:00\",\"dateModified\":\"2021-04-22T13:59:59+00:00\",\"breadcrumb\":{\"@id\":\"https:\/\/paiz-travel.com\/hr\/pravila-o-kolacicima\/#breadcrumb\"},\"inLanguage\":\"hr\",\"potentialAction\":[{\"@type\":\"ReadAction\",\"target\":[\"https:\/\/paiz-travel.com\/hr\/pravila-o-kolacicima\/\"]}]},{\"@type\":\"BreadcrumbList\",\"@id\":\"https:\/\/paiz-travel.com\/hr\/pravila-o-kolacicima\/#breadcrumb\",\"itemListElement\":[{\"@type\":\"ListItem\",\"position\":1,\"name\":\"Po\u010detna stranica\",\"item\":\"https:\/\/paiz-travel.com\/hr\/\"},{\"@type\":\"ListItem\",\"position\":2,\"name\":\"Pravila o kola\u010di\u0107ima\"}]},{\"@type\":\"WebSite\",\"@id\":\"https:\/\/paiz-travel.com\/#website\",\"url\":\"https:\/\/paiz-travel.com\/\",\"name\":\"Paiz Travel\",\"description\":\"Vis Tourist Agency \",\"potentialAction\":[{\"@type\":\"SearchAction\",\"target\":{\"@type\":\"EntryPoint\",\"urlTemplate\":\"https:\/\/paiz-travel.com\/?s={search_term_string}\"},\"query-input\":\"required name=search_term_string\"}],\"inLanguage\":\"hr\"}]}<\/script>\n<!-- \/ Yoast SEO plugin. -->","yoast_head_json":{"title":"Pravila o kola\u010di\u0107ima - Paiz Travel","robots":{"index":"index","follow":"follow","max-snippet":"max-snippet:-1","max-image-preview":"max-image-preview:large","max-video-preview":"max-video-preview:-1"},"canonical":"https:\/\/paiz-travel.com\/hr\/pravila-o-kolacicima\/","og_locale":"hr_HR","og_type":"article","og_title":"Pravila o kola\u010di\u0107ima - Paiz Travel","og_description":"Kako bi ova internetska stranica radila pravilno te u svrhu pobolj\u0161avanja va\u0161ega iskustva pregledavanja, ova stranica mora na va\u0161e ra\u010dunalo spremiti malenu koli\u010dinu informacija (tzv.\u00a0cookies\u00a0datoteke). Preko 90 % svih internetskih stranica koristi ovu praksu, no prema regulacijama Europske unije od 25. 03. 2011. obvezni smo prije spremanja \u201ckola\u010di\u0107a\u201d zatra\u017eiti va\u0161 pristanak. Kori\u0161tenjem internetske stranice pristajete na uporabu \u201ckola\u010di\u0107a\u201d. Blokiranjem \u2018kola\u010di\u0107a\u2019 i dalje mo\u017eete pregledavati stranicu, no neke njezine mogu\u0107nosti ne\u0107e vam biti dostupne. \u0160to je\u00a0HTTP cookie\u00a0(\u201ckola\u010di\u0107\u201d)? \u201cKola\u010di\u0107\u201d je informacija spremljena na va\u0161e ra\u010dunalo od strane internetske stranice koju posjetite. \u201cKola\u010di\u0107i\u201d...","og_url":"https:\/\/paiz-travel.com\/hr\/pravila-o-kolacicima\/","og_site_name":"Paiz Travel","article_modified_time":"2021-04-22T13:59:59+00:00","twitter_card":"summary_large_image","twitter_misc":{"Procijenjeno vrijeme \u010ditanja":"3 minute"},"schema":{"@context":"https:\/\/schema.org","@graph":[{"@type":"WebPage","@id":"https:\/\/paiz-travel.com\/hr\/pravila-o-kolacicima\/","url":"https:\/\/paiz-travel.com\/hr\/pravila-o-kolacicima\/","name":"Pravila o kola\u010di\u0107ima - Paiz Travel","isPartOf":{"@id":"https:\/\/paiz-travel.com\/#website"},"datePublished":"2019-10-31T16:56:13+00:00","dateModified":"2021-04-22T13:59:59+00:00","breadcrumb":{"@id":"https:\/\/paiz-travel.com\/hr\/pravila-o-kolacicima\/#breadcrumb"},"inLanguage":"hr","potentialAction":[{"@type":"ReadAction","target":["https:\/\/paiz-travel.com\/hr\/pravila-o-kolacicima\/"]}]},{"@type":"BreadcrumbList","@id":"https:\/\/paiz-travel.com\/hr\/pravila-o-kolacicima\/#breadcrumb","itemListElement":[{"@type":"ListItem","position":1,"name":"Po\u010detna stranica","item":"https:\/\/paiz-travel.com\/hr\/"},{"@type":"ListItem","position":2,"name":"Pravila o kola\u010di\u0107ima"}]},{"@type":"WebSite","@id":"https:\/\/paiz-travel.com\/#website","url":"https:\/\/paiz-travel.com\/","name":"Paiz Travel","description":"Vis Tourist Agency ","potentialAction":[{"@type":"SearchAction","target":{"@type":"EntryPoint","urlTemplate":"https:\/\/paiz-travel.com\/?s={search_term_string}"},"query-input":"required name=search_term_string"}],"inLanguage":"hr"}]}},"_links":{"self":[{"href":"https:\/\/paiz-travel.com\/hr\/wp-json\/wp\/v2\/pages\/6764"}],"collection":[{"href":"https:\/\/paiz-travel.com\/hr\/wp-json\/wp\/v2\/pages"}],"about":[{"href":"https:\/\/paiz-travel.com\/hr\/wp-json\/wp\/v2\/types\/page"}],"author":[{"embeddable":true,"href":"https:\/\/paiz-travel.com\/hr\/wp-json\/wp\/v2\/users\/1"}],"replies":[{"embeddable":true,"href":"https:\/\/paiz-travel.com\/hr\/wp-json\/wp\/v2\/comments?post=6764"}],"version-history":[{"count":1,"href":"https:\/\/paiz-travel.com\/hr\/wp-json\/wp\/v2\/pages\/6764\/revisions"}],"predecessor-version":[{"id":6765,"href":"https:\/\/paiz-travel.com\/hr\/wp-json\/wp\/v2\/pages\/6764\/revisions\/6765"}],"wp:attachment":[{"href":"https:\/\/paiz-travel.com\/hr\/wp-json\/wp\/v2\/media?parent=6764"}],"curies":[{"name":"wp","href":"https:\/\/api.w.org\/{rel}","templated":true}]}}