{"id":6773,"date":"2019-11-03T18:55:46","date_gmt":"2019-11-03T17:55:46","guid":{"rendered":"https:\/\/paiz-travel.com\/rent-a-bike\/"},"modified":"2026-04-04T11:27:39","modified_gmt":"2026-04-04T09:27:39","slug":"rent-a-bike","status":"publish","type":"page","link":"https:\/\/paiz-travel.com\/hr\/rent-a-bike\/","title":{"rendered":"Rent a bike"},"content":{"rendered":"<p>[vc_row][vc_column width=&#8221;1\/3&#8243;][vc_column_text css=&#8221;.vc_custom_1716314543408{padding-bottom: 15px !important;}&#8221;]<\/p>\n<h1 style=\"text-align: center;\"><span style=\"font-size: 18pt;\">\u00a0TREK MTB Marlin 5<\/span><\/h1>\n<p>[\/vc_column_text][vc_single_image image=&#8221;10917&#8243; img_size=&#8221;&#8221;][\/vc_column][vc_column width=&#8221;1\/3&#8243;][vc_column_text css=&#8221;.vc_custom_1716314534542{padding-bottom: 15px !important;}&#8221;]<\/p>\n<h1 style=\"text-align: center;\"><span style=\"font-size: 18pt;\">GT Avalanche Sport 2021<\/span><\/h1>\n<p>[\/vc_column_text][vc_single_image image=&#8221;10919&#8243; img_size=&#8221;&#8221;][\/vc_column][vc_column width=&#8221;1\/3&#8243;][vc_column_text css=&#8221;.vc_custom_1716314553588{padding-bottom: 15px !important;}&#8221;]<\/p>\n<h1 style=\"text-align: center;\"><span style=\"font-size: 18pt;\">CUBE AIM PRO<\/span><\/h1>\n<p>[\/vc_column_text][vc_single_image image=&#8221;10921&#8243; img_size=&#8221;&#8221;][\/vc_column][\/vc_row][vc_row][vc_column width=&#8221;1\/2&#8243;][vc_empty_space height=&#8221;62px&#8221;][vc_column_text css=&#8221;.vc_custom_1652960906402{padding-bottom: 15px !important;}&#8221;]<\/p>\n<h4>Dodatna oprema<\/h4>\n<hr \/>\n<p>[\/vc_column_text]<div class=\"mkdf-info-item-holder\">\n\n    <div class=\"mkdf-info-item-inner clearfix\">\n\n    <div class=\"mkdf-destination-title\">\n                    <h6>Kaciga<\/h6>\n            <\/div>\n\n    <div class=\"mkdf-destination-description\">\n            <\/div>\n\n<\/div><div class=\"mkdf-info-item-inner clearfix\">\n\n    <div class=\"mkdf-destination-title\">\n                    <h6>Lokot<\/h6>\n            <\/div>\n\n    <div class=\"mkdf-destination-description\">\n            <\/div>\n\n<\/div><div class=\"mkdf-info-item-inner clearfix\">\n\n    <div class=\"mkdf-destination-title\">\n                    <h6>Kutija za popravak<\/h6>\n            <\/div>\n\n    <div class=\"mkdf-destination-description\">\n            <\/div>\n\n<\/div><div class=\"mkdf-info-item-inner clearfix\">\n\n    <div class=\"mkdf-destination-title\">\n                    <h6>Pumpa za bicikl<\/h6>\n            <\/div>\n\n    <div class=\"mkdf-destination-description\">\n            <\/div>\n\n<\/div>\n<\/div>[\/vc_column][vc_column width=&#8221;1\/2&#8243;][vc_empty_space height=&#8221;62px&#8221;][vc_column_text css=&#8221;.vc_custom_1652960921141{padding-bottom: 15px !important;}&#8221;]<\/p>\n<h4>Dodatne usluge<\/h4>\n<hr \/>\n<p>[\/vc_column_text]<div class=\"mkdf-info-item-holder\">\n\n    <div class=\"mkdf-info-item-inner clearfix\">\n\n    <div class=\"mkdf-destination-title\">\n                    <h6>Dostava na moju adresu<\/h6>\n            <\/div>\n\n    <div class=\"mkdf-destination-description\">\n                    <h6>na upit<\/h6>\n            <\/div>\n\n<\/div><div class=\"mkdf-info-item-inner clearfix\">\n\n    <div class=\"mkdf-destination-title\">\n                    <h6>Preuzimanje na lokaciji<\/h6>\n            <\/div>\n\n    <div class=\"mkdf-destination-description\">\n                    <h6>na upit<\/h6>\n            <\/div>\n\n<\/div><div class=\"mkdf-info-item-inner clearfix\">\n\n    <div class=\"mkdf-destination-title\">\n                    <h6>Tura s vodi\u010dem<\/h6>\n            <\/div>\n\n    <div class=\"mkdf-destination-description\">\n                    <h6>na upit<\/h6>\n            <\/div>\n\n<\/div>\n<\/div>[\/vc_column][\/vc_row][vc_row][vc_column css=&#8221;.vc_custom_1572788624137{padding-top: 30px !important;}&#8221;][vc_column_text css=&#8221;.vc_custom_1652960489275{padding-bottom: 50px !important;}&#8221;]<\/p>\n<h4><strong>Cjenik<\/strong><\/h4>\n<hr \/>\n<p>[\/vc_column_text][\/vc_column][\/vc_row][vc_row][vc_column width=&#8221;1\/4&#8243; css=&#8221;.vc_custom_1573033744190{padding-bottom: 60px !important;}&#8221;][vc_column_text css=&#8221;.vc_custom_1619922386076{padding-bottom: 10px !important;}&#8221;]<\/p>\n<h4 style=\"text-align: left;\">3-6 sati<\/h4>\n<p>[\/vc_column_text]<div class=\"mkdf-separator-holder clearfix  mkdf-separator-center mkdf-separator-full-width\">\n\t<div class=\"mkdf-separator\" style=\"border-bottom-width: 1px\"><\/div>\n<\/div>\n<div class=\"mkdf-info-item-holder\">\n\n    <div class=\"mkdf-info-item-inner clearfix\">\n\n    <div class=\"mkdf-destination-title\">\n                    <h6>01.04-21.05<\/h6>\n            <\/div>\n\n    <div class=\"mkdf-destination-description\">\n                    <h6>13\u20ac<\/h6>\n            <\/div>\n\n<\/div><div class=\"mkdf-info-item-inner clearfix\">\n\n    <div class=\"mkdf-destination-title\">\n                    <h6>22.05.-30.06.<\/h6>\n            <\/div>\n\n    <div class=\"mkdf-destination-description\">\n                    <h6>15\u20ac<\/h6>\n            <\/div>\n\n<\/div>\n<\/div><div class=\"mkdf-info-item-holder\">\n\n    <div class=\"mkdf-info-item-inner clearfix\">\n\n    <div class=\"mkdf-destination-title\">\n                    <h6>01.07.-31.08.<\/h6>\n            <\/div>\n\n    <div class=\"mkdf-destination-description\">\n                    <h6>15\u20ac<\/h6>\n            <\/div>\n\n<\/div><div class=\"mkdf-info-item-inner clearfix\">\n\n    <div class=\"mkdf-destination-title\">\n                    <h6>01.09.-01.11.<\/h6>\n            <\/div>\n\n    <div class=\"mkdf-destination-description\">\n                    <h6>15\u20ac<\/h6>\n            <\/div>\n\n<\/div>\n<\/div>[\/vc_column][vc_column width=&#8221;1\/4&#8243; css=&#8221;.vc_custom_1573033748999{padding-bottom: 60px !important;}&#8221;][vc_column_text css=&#8221;.vc_custom_1619922392768{padding-bottom: 10px !important;}&#8221;]<\/p>\n<h4 style=\"text-align: left;\">12 sati<\/h4>\n<p>[\/vc_column_text]<div class=\"mkdf-separator-holder clearfix  mkdf-separator-center mkdf-separator-full-width\">\n\t<div class=\"mkdf-separator\" style=\"border-bottom-width: 1px\"><\/div>\n<\/div>\n<div class=\"mkdf-info-item-holder\">\n\n    <div class=\"mkdf-info-item-inner clearfix\">\n\n    <div class=\"mkdf-destination-title\">\n                    <h6>01.04-21.05<\/h6>\n            <\/div>\n\n    <div class=\"mkdf-destination-description\">\n                    <h6>16\u20ac<\/h6>\n            <\/div>\n\n<\/div><div class=\"mkdf-info-item-inner clearfix\">\n\n    <div class=\"mkdf-destination-title\">\n                    <h6>22.05.-30.06.<\/h6>\n            <\/div>\n\n    <div class=\"mkdf-destination-description\">\n                    <h6>16\u20ac<\/h6>\n            <\/div>\n\n<\/div>\n<\/div><div class=\"mkdf-info-item-holder\">\n\n    <div class=\"mkdf-info-item-inner clearfix\">\n\n    <div class=\"mkdf-destination-title\">\n                    <h6>01.07.-31.08.<\/h6>\n            <\/div>\n\n    <div class=\"mkdf-destination-description\">\n                    <h6>20\u20ac<\/h6>\n            <\/div>\n\n<\/div><div class=\"mkdf-info-item-inner clearfix\">\n\n    <div class=\"mkdf-destination-title\">\n                    <h6>01.09.-01.11.<\/h6>\n            <\/div>\n\n    <div class=\"mkdf-destination-description\">\n                    <h6>16\u20ac<\/h6>\n            <\/div>\n\n<\/div>\n<\/div>[\/vc_column][vc_column width=&#8221;1\/4&#8243; css=&#8221;.vc_custom_1573033753959{padding-bottom: 60px !important;}&#8221;][vc_column_text css=&#8221;.vc_custom_1623077847527{padding-bottom: 10px !important;}&#8221;]<\/p>\n<h4 style=\"text-align: left;\">24 sata<\/h4>\n<p>[\/vc_column_text]<div class=\"mkdf-separator-holder clearfix  mkdf-separator-center mkdf-separator-full-width\">\n\t<div class=\"mkdf-separator\" style=\"border-bottom-width: 1px\"><\/div>\n<\/div>\n<div class=\"mkdf-info-item-holder\">\n\n    <div class=\"mkdf-info-item-inner clearfix\">\n\n    <div class=\"mkdf-destination-title\">\n                    <h6>01.04-21.05<\/h6>\n            <\/div>\n\n    <div class=\"mkdf-destination-description\">\n                    <h6>18\u20ac<\/h6>\n            <\/div>\n\n<\/div><div class=\"mkdf-info-item-inner clearfix\">\n\n    <div class=\"mkdf-destination-title\">\n                    <h6>22.05.-30.06.<\/h6>\n            <\/div>\n\n    <div class=\"mkdf-destination-description\">\n                    <h6>18\u20ac<\/h6>\n            <\/div>\n\n<\/div>\n<\/div><div class=\"mkdf-info-item-holder\">\n\n    <div class=\"mkdf-info-item-inner clearfix\">\n\n    <div class=\"mkdf-destination-title\">\n                    <h6>01.07.-31.08.<\/h6>\n            <\/div>\n\n    <div class=\"mkdf-destination-description\">\n                    <h6>25\u20ac<\/h6>\n            <\/div>\n\n<\/div><div class=\"mkdf-info-item-inner clearfix\">\n\n    <div class=\"mkdf-destination-title\">\n                    <h6>01.09.-01.11.<\/h6>\n            <\/div>\n\n    <div class=\"mkdf-destination-description\">\n                    <h6>18\u20ac<\/h6>\n            <\/div>\n\n<\/div>\n<\/div>[\/vc_column][vc_column width=&#8221;1\/4&#8243;][vc_column_text css=&#8221;.vc_custom_1652960628470{padding-bottom: 10px !important;}&#8221;]<\/p>\n<h4>3+dana<\/h4>\n<p>[\/vc_column_text]<div class=\"mkdf-separator-holder clearfix  mkdf-separator-center mkdf-separator-full-width\">\n\t<div class=\"mkdf-separator\" ><\/div>\n<\/div>\n<div class=\"mkdf-info-item-holder\">\n\n    <div class=\"mkdf-info-item-inner clearfix\">\n\n    <div class=\"mkdf-destination-title\">\n                    <h6>01.04-21.05<\/h6>\n            <\/div>\n\n    <div class=\"mkdf-destination-description\">\n                    <h6>16\u20ac<\/h6>\n            <\/div>\n\n<\/div><div class=\"mkdf-info-item-inner clearfix\">\n\n    <div class=\"mkdf-destination-title\">\n                    <h6>22.05.-30.06.<\/h6>\n            <\/div>\n\n    <div class=\"mkdf-destination-description\">\n                    <h6>16\u20ac<\/h6>\n            <\/div>\n\n<\/div>\n<\/div><div class=\"mkdf-info-item-holder\">\n\n    <div class=\"mkdf-info-item-inner clearfix\">\n\n    <div class=\"mkdf-destination-title\">\n                    <h6>01.07.-31.08.<\/h6>\n            <\/div>\n\n    <div class=\"mkdf-destination-description\">\n                    <h6>18\u20ac<\/h6>\n            <\/div>\n\n<\/div><div class=\"mkdf-info-item-inner clearfix\">\n\n    <div class=\"mkdf-destination-title\">\n                    <h6>01.09.-01.11.<\/h6>\n            <\/div>\n\n    <div class=\"mkdf-destination-description\">\n                    <h6>16\u20ac<\/h6>\n            <\/div>\n\n<\/div>\n<\/div>[\/vc_column][\/vc_row]<\/p>\n","protected":false},"excerpt":{"rendered":"<p>[vc_row][vc_column width=&#8221;1\/3&#8243;][vc_column_text css=&#8221;.vc_custom_1716314543408{padding-bottom: 15px !important;}&#8221;] \u00a0TREK MTB Marlin 5 [\/vc_column_text][vc_single_image image=&#8221;10917&#8243; img_size=&#8221;&#8221;][\/vc_column][vc_column width=&#8221;1\/3&#8243;][vc_column_text css=&#8221;.vc_custom_1716314534542{padding-bottom: 15px !important;}&#8221;] GT Avalanche Sport 2021 [\/vc_column_text][vc_single_image image=&#8221;10919&#8243; img_size=&#8221;&#8221;][\/vc_column][vc_column width=&#8221;1\/3&#8243;][vc_column_text css=&#8221;.vc_custom_1716314553588{padding-bottom: 15px !important;}&#8221;] CUBE AIM PRO [\/vc_column_text][vc_single_image image=&#8221;10921&#8243; img_size=&#8221;&#8221;][\/vc_column][\/vc_row][vc_row][vc_column width=&#8221;1\/2&#8243;][vc_empty_space height=&#8221;62px&#8221;][vc_column_text css=&#8221;.vc_custom_1652960906402{padding-bottom: 15px !important;}&#8221;] Dodatna oprema [\/vc_column_text][\/vc_column][vc_column width=&#8221;1\/2&#8243;][vc_empty_space height=&#8221;62px&#8221;][vc_column_text css=&#8221;.vc_custom_1652960921141{padding-bottom: 15px !important;}&#8221;] Dodatne usluge [\/vc_column_text][\/vc_column][\/vc_row][vc_row][vc_column css=&#8221;.vc_custom_1572788624137{padding-top: 30px !important;}&#8221;][vc_column_text css=&#8221;.vc_custom_1652960489275{padding-bottom: 50px !important;}&#8221;] Cjenik [\/vc_column_text][\/vc_column][\/vc_row][vc_row][vc_column width=&#8221;1\/4&#8243; css=&#8221;.vc_custom_1573033744190{padding-bottom: 60px !important;}&#8221;][vc_column_text css=&#8221;.vc_custom_1619922386076{padding-bottom: 10px !important;}&#8221;] 3-6 sati [\/vc_column_text][\/vc_column][vc_column width=&#8221;1\/4&#8243; css=&#8221;.vc_custom_1573033748999{padding-bottom: 60px !important;}&#8221;][vc_column_text css=&#8221;.vc_custom_1619922392768{padding-bottom: 10px !important;}&#8221;] 12 sati [\/vc_column_text][\/vc_column][vc_column width=&#8221;1\/4&#8243; css=&#8221;.vc_custom_1573033753959{padding-bottom: 60px !important;}&#8221;][vc_column_text css=&#8221;.vc_custom_1623077847527{padding-bottom: 10px !important;}&#8221;] 24 sata [\/vc_column_text][\/vc_column][vc_column width=&#8221;1\/4&#8243;][vc_column_text css=&#8221;.vc_custom_1652960628470{padding-bottom: 10px&#8230;<\/p>\n","protected":false},"author":1,"featured_media":7840,"parent":0,"menu_order":0,"comment_status":"closed","ping_status":"closed","template":"","meta":[],"yoast_head":"<!-- This site is optimized with the Yoast SEO plugin v20.11 - https:\/\/yoast.com\/wordpress\/plugins\/seo\/ -->\n<title>Bike rental Vis Croatia - Paiz Travel<\/title>\n<meta name=\"description\" content=\"Bicikliranje je odli\u010dan na\u010din za obi\u0107i grad, pa \u010dak i otok Vis.\" \/>\n<meta name=\"robots\" content=\"index, follow, max-snippet:-1, max-image-preview:large, max-video-preview:-1\" \/>\n<link rel=\"canonical\" href=\"https:\/\/paiz-travel.com\/hr\/rent-a-bike\/\" \/>\n<meta property=\"og:locale\" content=\"hr_HR\" \/>\n<meta property=\"og:type\" content=\"article\" \/>\n<meta property=\"og:title\" content=\"Bike rental Vis Croatia - Paiz Travel\" \/>\n<meta property=\"og:description\" content=\"Bicikliranje je odli\u010dan na\u010din za obi\u0107i grad, pa \u010dak i otok Vis.\" \/>\n<meta property=\"og:url\" content=\"https:\/\/paiz-travel.com\/hr\/rent-a-bike\/\" \/>\n<meta property=\"og:site_name\" content=\"Paiz Travel\" \/>\n<meta property=\"article:modified_time\" content=\"2026-04-04T09:27:39+00:00\" \/>\n<meta property=\"og:image\" content=\"https:\/\/paiz-travel.com\/wp-content\/uploads\/2022\/05\/IMG1_0436-scaled.jpg\" \/>\n\t<meta property=\"og:image:width\" content=\"2279\" \/>\n\t<meta property=\"og:image:height\" content=\"2560\" \/>\n\t<meta property=\"og:image:type\" content=\"image\/jpeg\" \/>\n<meta name=\"twitter:card\" content=\"summary_large_image\" \/>\n<meta name=\"twitter:label1\" content=\"Procijenjeno vrijeme \u010ditanja\" \/>\n\t<meta name=\"twitter:data1\" content=\"1 minuta\" \/>\n<script type=\"application\/ld+json\" class=\"yoast-schema-graph\">{\"@context\":\"https:\/\/schema.org\",\"@graph\":[{\"@type\":\"WebPage\",\"@id\":\"https:\/\/paiz-travel.com\/hr\/rent-a-bike\/\",\"url\":\"https:\/\/paiz-travel.com\/hr\/rent-a-bike\/\",\"name\":\"Bike rental Vis Croatia - Paiz Travel\",\"isPartOf\":{\"@id\":\"https:\/\/paiz-travel.com\/#website\"},\"datePublished\":\"2019-11-03T17:55:46+00:00\",\"dateModified\":\"2026-04-04T09:27:39+00:00\",\"description\":\"Bicikliranje je odli\u010dan na\u010din za obi\u0107i grad, pa \u010dak i otok Vis.\",\"breadcrumb\":{\"@id\":\"https:\/\/paiz-travel.com\/hr\/rent-a-bike\/#breadcrumb\"},\"inLanguage\":\"hr\",\"potentialAction\":[{\"@type\":\"ReadAction\",\"target\":[\"https:\/\/paiz-travel.com\/hr\/rent-a-bike\/\"]}]},{\"@type\":\"BreadcrumbList\",\"@id\":\"https:\/\/paiz-travel.com\/hr\/rent-a-bike\/#breadcrumb\",\"itemListElement\":[{\"@type\":\"ListItem\",\"position\":1,\"name\":\"Po\u010detna stranica\",\"item\":\"https:\/\/paiz-travel.com\/hr\/\"},{\"@type\":\"ListItem\",\"position\":2,\"name\":\"Rent a bike\"}]},{\"@type\":\"WebSite\",\"@id\":\"https:\/\/paiz-travel.com\/#website\",\"url\":\"https:\/\/paiz-travel.com\/\",\"name\":\"Paiz Travel\",\"description\":\"Vis Tourist Agency \",\"potentialAction\":[{\"@type\":\"SearchAction\",\"target\":{\"@type\":\"EntryPoint\",\"urlTemplate\":\"https:\/\/paiz-travel.com\/?s={search_term_string}\"},\"query-input\":\"required name=search_term_string\"}],\"inLanguage\":\"hr\"}]}<\/script>\n<!-- \/ Yoast SEO plugin. -->","yoast_head_json":{"title":"Bike rental Vis Croatia - Paiz Travel","description":"Bicikliranje je odli\u010dan na\u010din za obi\u0107i grad, pa \u010dak i otok Vis.","robots":{"index":"index","follow":"follow","max-snippet":"max-snippet:-1","max-image-preview":"max-image-preview:large","max-video-preview":"max-video-preview:-1"},"canonical":"https:\/\/paiz-travel.com\/hr\/rent-a-bike\/","og_locale":"hr_HR","og_type":"article","og_title":"Bike rental Vis Croatia - Paiz Travel","og_description":"Bicikliranje je odli\u010dan na\u010din za obi\u0107i grad, pa \u010dak i otok Vis.","og_url":"https:\/\/paiz-travel.com\/hr\/rent-a-bike\/","og_site_name":"Paiz Travel","article_modified_time":"2026-04-04T09:27:39+00:00","og_image":[{"width":2279,"height":2560,"url":"https:\/\/paiz-travel.com\/wp-content\/uploads\/2022\/05\/IMG1_0436-scaled.jpg","type":"image\/jpeg"}],"twitter_card":"summary_large_image","twitter_misc":{"Procijenjeno vrijeme \u010ditanja":"1 minuta"},"schema":{"@context":"https:\/\/schema.org","@graph":[{"@type":"WebPage","@id":"https:\/\/paiz-travel.com\/hr\/rent-a-bike\/","url":"https:\/\/paiz-travel.com\/hr\/rent-a-bike\/","name":"Bike rental Vis Croatia - Paiz Travel","isPartOf":{"@id":"https:\/\/paiz-travel.com\/#website"},"datePublished":"2019-11-03T17:55:46+00:00","dateModified":"2026-04-04T09:27:39+00:00","description":"Bicikliranje je odli\u010dan na\u010din za obi\u0107i grad, pa \u010dak i otok Vis.","breadcrumb":{"@id":"https:\/\/paiz-travel.com\/hr\/rent-a-bike\/#breadcrumb"},"inLanguage":"hr","potentialAction":[{"@type":"ReadAction","target":["https:\/\/paiz-travel.com\/hr\/rent-a-bike\/"]}]},{"@type":"BreadcrumbList","@id":"https:\/\/paiz-travel.com\/hr\/rent-a-bike\/#breadcrumb","itemListElement":[{"@type":"ListItem","position":1,"name":"Po\u010detna stranica","item":"https:\/\/paiz-travel.com\/hr\/"},{"@type":"ListItem","position":2,"name":"Rent a bike"}]},{"@type":"WebSite","@id":"https:\/\/paiz-travel.com\/#website","url":"https:\/\/paiz-travel.com\/","name":"Paiz Travel","description":"Vis Tourist Agency ","potentialAction":[{"@type":"SearchAction","target":{"@type":"EntryPoint","urlTemplate":"https:\/\/paiz-travel.com\/?s={search_term_string}"},"query-input":"required name=search_term_string"}],"inLanguage":"hr"}]}},"_links":{"self":[{"href":"https:\/\/paiz-travel.com\/hr\/wp-json\/wp\/v2\/pages\/6773"}],"collection":[{"href":"https:\/\/paiz-travel.com\/hr\/wp-json\/wp\/v2\/pages"}],"about":[{"href":"https:\/\/paiz-travel.com\/hr\/wp-json\/wp\/v2\/types\/page"}],"author":[{"embeddable":true,"href":"https:\/\/paiz-travel.com\/hr\/wp-json\/wp\/v2\/users\/1"}],"replies":[{"embeddable":true,"href":"https:\/\/paiz-travel.com\/hr\/wp-json\/wp\/v2\/comments?post=6773"}],"version-history":[{"count":10,"href":"https:\/\/paiz-travel.com\/hr\/wp-json\/wp\/v2\/pages\/6773\/revisions"}],"predecessor-version":[{"id":11380,"href":"https:\/\/paiz-travel.com\/hr\/wp-json\/wp\/v2\/pages\/6773\/revisions\/11380"}],"wp:featuredmedia":[{"embeddable":true,"href":"https:\/\/paiz-travel.com\/hr\/wp-json\/wp\/v2\/media\/7840"}],"wp:attachment":[{"href":"https:\/\/paiz-travel.com\/hr\/wp-json\/wp\/v2\/media?parent=6773"}],"curies":[{"name":"wp","href":"https:\/\/api.w.org\/{rel}","templated":true}]}}