{"id":6848,"date":"2019-11-18T17:22:47","date_gmt":"2019-11-18T16:22:47","guid":{"rendered":"https:\/\/paiz-travel.com\/aranzmani\/family-holiday\/"},"modified":"2021-05-25T11:41:21","modified_gmt":"2021-05-25T09:41:21","slug":"obiteljski-odmor","status":"publish","type":"page","link":"https:\/\/paiz-travel.com\/hr\/aranzmani\/obiteljski-odmor\/","title":{"rendered":"Obiteljski odmor"},"content":{"rendered":"<p>[vc_row][vc_column][vc_column_text]<\/p>\n<h2>Obiteljski Odmor<\/h2>\n<p>[\/vc_column_text][vc_column_text]Otok Vis rastu\u0107a je destinacija za obiteljski odmor. Fantasti\u010dne pla\u017ee na otocima razveselit \u0107e djecu svih dobnih skupina; mla\u0111a djeca u\u017eivat \u0107e u pravljenju dvoraca u pijesku, dok starija djeca mogu isprobati cijeli niz vodenih sportova, poput veslanja na dasci ili kajakarenja. Za roditelje uvijek postoji stolica za sun\u010danje u sjeni i \u010da\u0161a hladne kave u baru.[\/vc_column_text][\/vc_column][\/vc_row][vc_row css=&#8221;.vc_custom_1572607977841{padding-top: 50px !important;}&#8221;][vc_column width=&#8221;4\/5&#8243; css=&#8221;.vc_custom_1572620423079{padding-bottom: 15px !important;}&#8221;][vc_column_text css=&#8221;.vc_custom_1620181282953{padding-bottom: 30px !important;}&#8221;]<\/p>\n<h2>Aran\u017eman uklju\u010duje<\/h2>\n<p>[\/vc_column_text]<div class=\"mkdf-section-title-holder\">\n\t<h1 class=\"mkdf-section-title mkdf-section-title-small\" >\n\t- 5 no\u0107enja<\/h1>\n<\/div>[vc_column_text css=&#8221;.vc_custom_1620181358945{padding-bottom: 25px !important;}&#8221;]Dobro \u0107emo se pobrinuti za odabir smje\u0161taja koji mora biti prikladan za vas i djecu. Obi\u010dno biramo obiteljske ku\u0107e ili apartmane koji se nalaze u blizini grada Visa ili Komi\u017ee.[\/vc_column_text]<div class=\"mkdf-section-title-holder\">\n\t<h1 class=\"mkdf-section-title mkdf-section-title-small\" >\n\t- automobil i bicikli na raspolaganju<\/h1>\n<\/div>[vc_column_text css=&#8221;.vc_custom_1620181399443{padding-bottom: 25px !important;}&#8221;]Tijekom boravka na otoku na raspolaganju \u0107e vam biti najam automobila ili bicikala koji \u0107e vam pomo\u0107i u navigaciji po otoku i istra\u017eivanju pla\u017ea.[\/vc_column_text]<div class=\"mkdf-section-title-holder\">\n\t<h1 class=\"mkdf-section-title mkdf-section-title-small\" >\n\t- izlet brodom<\/h1>\n<\/div>[vc_column_text css=&#8221;.vc_custom_1620181494494{padding-bottom: 25px !important;}&#8221;]Najbolji na\u010din za upoznavanje otoka je istra\u017eivanje s morske strane. Vodit \u0107emo vas na izlet brodom oko otoka. Posjetit \u0107emo ve\u0107inu prirodnih ljepota, zaustaviti se na kupanju i ru\u010dku u uvalama koje vi\u0161e preferirate.[\/vc_column_text]<div class=\"mkdf-section-title-holder\">\n\t<h1 class=\"mkdf-section-title mkdf-section-title-small\" >\n\t- \u010duvanje djece na raspolaganju<\/h1>\n<\/div>[vc_column_text css=&#8221;.vc_custom_1620181566153{padding-bottom: 25px !important;}&#8221;]Ako roditelji odlu\u010de iza\u0107i na ve\u010deru ili samo trebaju pomo\u0107nika s djecom, mo\u017eemo dogovoriti \u010duvanje djece u njihovim domovima. Na\u0161a dadilja je vrlo profesionalna i ima dugogodi\u0161nje iskustvo.[\/vc_column_text]<div class=\"mkdf-section-title-holder\">\n\t<h1 class=\"mkdf-section-title mkdf-section-title-small\" >\n\t- obiteljski ru\u010dak<\/h1>\n<\/div>[vc_column_text css=&#8221;.vc_custom_1620181621980{padding-bottom: 25px !important;}&#8221;]Posljednjeg dana pripremit \u0107emo obiteljski ru\u010dak u malom seoskom doma\u0107instvu, poslu\u017eit \u0107emo vas lokalnim tradicionalnim jelima. Nadamo se da \u0107ete u\u017eivati![\/vc_column_text][\/vc_column][vc_column width=&#8221;1\/5&#8243; css=&#8221;.vc_custom_1575037090214{padding-top: 55px !important;padding-bottom: 15px !important;}&#8221;][vc_column_text]<\/p>\n<p style=\"text-align: center;\"><span style=\"font-size: 14pt; color: #ff0000;\">Po\u010detna cijena:<\/span><br \/>\n<span style=\"font-size: 14pt; color: #ff0000;\">od 680\u20ac<\/span><\/p>\n<p>[\/vc_column_text][\/vc_column][\/vc_row][vc_row][vc_column css=&#8221;.vc_custom_1574096066181{padding-top: 20px !important;}&#8221;][vc_column_text css=&#8221;.vc_custom_1620263671107{padding-bottom: 30px !important;}&#8221;]<\/p>\n<h2>Va\u017eno:<\/h2>\n<p>[\/vc_column_text][vc_column_text]Aran\u017eman je napravljen za obitelji do 6 \u010dlanova. Ponuda vrijedi za razdoblje od po\u010detka travnja do kraja listopada i u to vrijeme mo\u017eemo vam ponuditi sve gore navedene usluge i izlete. U slu\u010daju lo\u0161eg vremena neke od tura ne\u0107e biti mogu\u0107e organizirati. Za to\u010dan izra\u010dun cijene po\u0161aljite upit. Cijene se mogu razlikovati ovisno o sezoni.[\/vc_column_text][\/vc_column][\/vc_row][vc_row][vc_column][vc_column_text css=&#8221;.vc_custom_1620181746812{padding-bottom: 15px !important;}&#8221;]<\/p>\n<h2>Galerija<\/h2>\n<p>[\/vc_column_text][\/vc_column][\/vc_row][vc_row css=&#8221;.vc_custom_1574266597096{padding-bottom: 40px !important;}&#8221;][vc_column]<div class=\"mkdf-image-gallery\">\n    <div class=\"mkdf-image-gallery-grid mkdf-gallery-columns-3 \">\n                    <div class=\"mkdf-gallery-image\">\n                <div class=\"mkdf-hover-holder\">\n                \t\n                                        \t<a class=\"mkdf-gallery-prettyphoto\" href=\"https:\/\/paiz-travel.com\/wp-content\/uploads\/2019\/11\/20190807_115035-Medium.jpg\" data-rel=\"prettyPhoto[single_pretty_photo]\" title=\"\">\n                                                                        <img src=\"https:\/\/paiz-travel.com\/wp-content\/uploads\/2019\/11\/20190807_115035-Medium-600x400.jpg\" alt=\"\" width=\"600\" height=\"400\" \/>                        \t\t\t\t\t                    \t\t<div class=\"mkdf-icon-holder\"><span aria-hidden=\"true\" class=\"mkdf-icon-font-elegant icon_plus \" ><\/span><\/div>\n\t\t\t\t\t\t<\/a>\n\t\t\t\t\t                <\/div>\n            <\/div>\n                    <div class=\"mkdf-gallery-image\">\n                <div class=\"mkdf-hover-holder\">\n                \t\n                                        \t<a class=\"mkdf-gallery-prettyphoto\" href=\"https:\/\/paiz-travel.com\/wp-content\/uploads\/2019\/11\/20190807_114939-Medium.jpg\" data-rel=\"prettyPhoto[single_pretty_photo]\" title=\"\">\n                                                                        <img src=\"https:\/\/paiz-travel.com\/wp-content\/uploads\/2019\/11\/20190807_114939-Medium-600x400.jpg\" alt=\"\" width=\"600\" height=\"400\" \/>                        \t\t\t\t\t                    \t\t<div class=\"mkdf-icon-holder\"><span aria-hidden=\"true\" class=\"mkdf-icon-font-elegant icon_plus \" ><\/span><\/div>\n\t\t\t\t\t\t<\/a>\n\t\t\t\t\t                <\/div>\n            <\/div>\n                    <div class=\"mkdf-gallery-image\">\n                <div class=\"mkdf-hover-holder\">\n                \t\n                                        \t<a class=\"mkdf-gallery-prettyphoto\" href=\"https:\/\/paiz-travel.com\/wp-content\/uploads\/2019\/11\/20190625_180353-Medium.jpg\" data-rel=\"prettyPhoto[single_pretty_photo]\" title=\"\">\n                                                                        <img src=\"https:\/\/paiz-travel.com\/wp-content\/uploads\/2019\/11\/20190625_180353-Medium-600x400.jpg\" alt=\"\" width=\"600\" height=\"400\" \/>                        \t\t\t\t\t                    \t\t<div class=\"mkdf-icon-holder\"><span aria-hidden=\"true\" class=\"mkdf-icon-font-elegant icon_plus \" ><\/span><\/div>\n\t\t\t\t\t\t<\/a>\n\t\t\t\t\t                <\/div>\n            <\/div>\n            <\/div>\n<\/div>[\/vc_column][\/vc_row]<\/p>\n","protected":false},"excerpt":{"rendered":"<p>[vc_row][vc_column][vc_column_text] Obiteljski Odmor [\/vc_column_text][vc_column_text]Otok Vis rastu\u0107a je destinacija za obiteljski odmor. Fantasti\u010dne pla\u017ee na otocima razveselit \u0107e djecu svih dobnih skupina; mla\u0111a djeca u\u017eivat \u0107e u pravljenju dvoraca u pijesku, dok starija djeca mogu isprobati cijeli niz vodenih sportova, poput veslanja na dasci ili kajakarenja. Za roditelje uvijek postoji stolica za sun\u010danje u sjeni i \u010da\u0161a hladne kave u baru.[\/vc_column_text][\/vc_column][\/vc_row][vc_row css=&#8221;.vc_custom_1572607977841{padding-top: 50px !important;}&#8221;][vc_column width=&#8221;4\/5&#8243; css=&#8221;.vc_custom_1572620423079{padding-bottom: 15px !important;}&#8221;][vc_column_text css=&#8221;.vc_custom_1620181282953{padding-bottom: 30px !important;}&#8221;] Aran\u017eman uklju\u010duje [\/vc_column_text][vc_column_text css=&#8221;.vc_custom_1620181358945{padding-bottom: 25px !important;}&#8221;]Dobro \u0107emo se pobrinuti za odabir smje\u0161taja koji mora biti prikladan za vas i djecu&#8230;.<\/p>\n","protected":false},"author":1,"featured_media":6336,"parent":6713,"menu_order":2,"comment_status":"closed","ping_status":"closed","template":"","meta":[],"yoast_head":"<!-- This site is optimized with the Yoast SEO plugin v20.11 - https:\/\/yoast.com\/wordpress\/plugins\/seo\/ -->\n<title>Obiteljski odmor - Paiz Travel<\/title>\n<meta name=\"description\" content=\"Experience a good moments with your family on island Vis. Take a moment and book your family holiday with us.\" \/>\n<meta name=\"robots\" content=\"index, follow, max-snippet:-1, max-image-preview:large, max-video-preview:-1\" \/>\n<link rel=\"canonical\" href=\"https:\/\/paiz-travel.com\/hr\/aranzmani\/obiteljski-odmor\/\" \/>\n<meta property=\"og:locale\" content=\"hr_HR\" \/>\n<meta property=\"og:type\" content=\"article\" \/>\n<meta property=\"og:title\" content=\"Obiteljski odmor - Paiz Travel\" \/>\n<meta property=\"og:description\" content=\"Experience a good moments with your family on island Vis. Take a moment and book your family holiday with us.\" \/>\n<meta property=\"og:url\" content=\"https:\/\/paiz-travel.com\/hr\/aranzmani\/obiteljski-odmor\/\" \/>\n<meta property=\"og:site_name\" content=\"Paiz Travel\" \/>\n<meta property=\"article:modified_time\" content=\"2021-05-25T09:41:21+00:00\" \/>\n<meta property=\"og:image\" content=\"https:\/\/paiz-travel.com\/wp-content\/uploads\/2019\/11\/familythumb.jpg\" \/>\n\t<meta property=\"og:image:width\" content=\"608\" \/>\n\t<meta property=\"og:image:height\" content=\"342\" \/>\n\t<meta property=\"og:image:type\" content=\"image\/jpeg\" \/>\n<meta name=\"twitter:card\" content=\"summary_large_image\" \/>\n<meta name=\"twitter:label1\" content=\"Procijenjeno vrijeme \u010ditanja\" \/>\n\t<meta name=\"twitter:data1\" content=\"2 minute\" \/>\n<script type=\"application\/ld+json\" class=\"yoast-schema-graph\">{\"@context\":\"https:\/\/schema.org\",\"@graph\":[{\"@type\":\"WebPage\",\"@id\":\"https:\/\/paiz-travel.com\/hr\/aranzmani\/obiteljski-odmor\/\",\"url\":\"https:\/\/paiz-travel.com\/hr\/aranzmani\/obiteljski-odmor\/\",\"name\":\"Obiteljski odmor - Paiz Travel\",\"isPartOf\":{\"@id\":\"https:\/\/paiz-travel.com\/#website\"},\"datePublished\":\"2019-11-18T16:22:47+00:00\",\"dateModified\":\"2021-05-25T09:41:21+00:00\",\"description\":\"Experience a good moments with your family on island Vis. Take a moment and book your family holiday with us.\",\"breadcrumb\":{\"@id\":\"https:\/\/paiz-travel.com\/hr\/aranzmani\/obiteljski-odmor\/#breadcrumb\"},\"inLanguage\":\"hr\",\"potentialAction\":[{\"@type\":\"ReadAction\",\"target\":[\"https:\/\/paiz-travel.com\/hr\/aranzmani\/obiteljski-odmor\/\"]}]},{\"@type\":\"BreadcrumbList\",\"@id\":\"https:\/\/paiz-travel.com\/hr\/aranzmani\/obiteljski-odmor\/#breadcrumb\",\"itemListElement\":[{\"@type\":\"ListItem\",\"position\":1,\"name\":\"Po\u010detna stranica\",\"item\":\"https:\/\/paiz-travel.com\/hr\/\"},{\"@type\":\"ListItem\",\"position\":2,\"name\":\"Aran\u017emani\",\"item\":\"https:\/\/paiz-travel.com\/hr\/aranzmani\/\"},{\"@type\":\"ListItem\",\"position\":3,\"name\":\"Obiteljski odmor\"}]},{\"@type\":\"WebSite\",\"@id\":\"https:\/\/paiz-travel.com\/#website\",\"url\":\"https:\/\/paiz-travel.com\/\",\"name\":\"Paiz Travel\",\"description\":\"Vis Tourist Agency \",\"potentialAction\":[{\"@type\":\"SearchAction\",\"target\":{\"@type\":\"EntryPoint\",\"urlTemplate\":\"https:\/\/paiz-travel.com\/?s={search_term_string}\"},\"query-input\":\"required name=search_term_string\"}],\"inLanguage\":\"hr\"}]}<\/script>\n<!-- \/ Yoast SEO plugin. -->","yoast_head_json":{"title":"Obiteljski odmor - Paiz Travel","description":"Experience a good moments with your family on island Vis. Take a moment and book your family holiday with us.","robots":{"index":"index","follow":"follow","max-snippet":"max-snippet:-1","max-image-preview":"max-image-preview:large","max-video-preview":"max-video-preview:-1"},"canonical":"https:\/\/paiz-travel.com\/hr\/aranzmani\/obiteljski-odmor\/","og_locale":"hr_HR","og_type":"article","og_title":"Obiteljski odmor - Paiz Travel","og_description":"Experience a good moments with your family on island Vis. Take a moment and book your family holiday with us.","og_url":"https:\/\/paiz-travel.com\/hr\/aranzmani\/obiteljski-odmor\/","og_site_name":"Paiz Travel","article_modified_time":"2021-05-25T09:41:21+00:00","og_image":[{"width":608,"height":342,"url":"https:\/\/paiz-travel.com\/wp-content\/uploads\/2019\/11\/familythumb.jpg","type":"image\/jpeg"}],"twitter_card":"summary_large_image","twitter_misc":{"Procijenjeno vrijeme \u010ditanja":"2 minute"},"schema":{"@context":"https:\/\/schema.org","@graph":[{"@type":"WebPage","@id":"https:\/\/paiz-travel.com\/hr\/aranzmani\/obiteljski-odmor\/","url":"https:\/\/paiz-travel.com\/hr\/aranzmani\/obiteljski-odmor\/","name":"Obiteljski odmor - Paiz Travel","isPartOf":{"@id":"https:\/\/paiz-travel.com\/#website"},"datePublished":"2019-11-18T16:22:47+00:00","dateModified":"2021-05-25T09:41:21+00:00","description":"Experience a good moments with your family on island Vis. Take a moment and book your family holiday with us.","breadcrumb":{"@id":"https:\/\/paiz-travel.com\/hr\/aranzmani\/obiteljski-odmor\/#breadcrumb"},"inLanguage":"hr","potentialAction":[{"@type":"ReadAction","target":["https:\/\/paiz-travel.com\/hr\/aranzmani\/obiteljski-odmor\/"]}]},{"@type":"BreadcrumbList","@id":"https:\/\/paiz-travel.com\/hr\/aranzmani\/obiteljski-odmor\/#breadcrumb","itemListElement":[{"@type":"ListItem","position":1,"name":"Po\u010detna stranica","item":"https:\/\/paiz-travel.com\/hr\/"},{"@type":"ListItem","position":2,"name":"Aran\u017emani","item":"https:\/\/paiz-travel.com\/hr\/aranzmani\/"},{"@type":"ListItem","position":3,"name":"Obiteljski odmor"}]},{"@type":"WebSite","@id":"https:\/\/paiz-travel.com\/#website","url":"https:\/\/paiz-travel.com\/","name":"Paiz Travel","description":"Vis Tourist Agency ","potentialAction":[{"@type":"SearchAction","target":{"@type":"EntryPoint","urlTemplate":"https:\/\/paiz-travel.com\/?s={search_term_string}"},"query-input":"required name=search_term_string"}],"inLanguage":"hr"}]}},"_links":{"self":[{"href":"https:\/\/paiz-travel.com\/hr\/wp-json\/wp\/v2\/pages\/6848"}],"collection":[{"href":"https:\/\/paiz-travel.com\/hr\/wp-json\/wp\/v2\/pages"}],"about":[{"href":"https:\/\/paiz-travel.com\/hr\/wp-json\/wp\/v2\/types\/page"}],"author":[{"embeddable":true,"href":"https:\/\/paiz-travel.com\/hr\/wp-json\/wp\/v2\/users\/1"}],"replies":[{"embeddable":true,"href":"https:\/\/paiz-travel.com\/hr\/wp-json\/wp\/v2\/comments?post=6848"}],"version-history":[{"count":7,"href":"https:\/\/paiz-travel.com\/hr\/wp-json\/wp\/v2\/pages\/6848\/revisions"}],"predecessor-version":[{"id":7191,"href":"https:\/\/paiz-travel.com\/hr\/wp-json\/wp\/v2\/pages\/6848\/revisions\/7191"}],"up":[{"embeddable":true,"href":"https:\/\/paiz-travel.com\/hr\/wp-json\/wp\/v2\/pages\/6713"}],"wp:featuredmedia":[{"embeddable":true,"href":"https:\/\/paiz-travel.com\/hr\/wp-json\/wp\/v2\/media\/6336"}],"wp:attachment":[{"href":"https:\/\/paiz-travel.com\/hr\/wp-json\/wp\/v2\/media?parent=6848"}],"curies":[{"name":"wp","href":"https:\/\/api.w.org\/{rel}","templated":true}]}}