{"id":6851,"date":"2019-11-19T19:14:43","date_gmt":"2019-11-19T18:14:43","guid":{"rendered":"https:\/\/paiz-travel.com\/aranzmani\/couple-holiday\/"},"modified":"2021-05-25T12:54:30","modified_gmt":"2021-05-25T10:54:30","slug":"odmor-za-parove","status":"publish","type":"page","link":"https:\/\/paiz-travel.com\/hr\/aranzmani\/odmor-za-parove\/","title":{"rendered":"Odmor za parove"},"content":{"rendered":"<p>[vc_row][vc_column][vc_column_text]<\/p>\n<h1>Odmor za parove<\/h1>\n<p>[\/vc_column_text][vc_column_text]Vis je san za mlade parove koji \u017eele pobje\u0107i. Idili\u010dni krajolik i \u0161irok spektar aktivnosti na otvorenom, kao i povijesne i kulturne znamenitosti, prekrasne pla\u017ee i ve\u010dere u romanti\u010dnim restoranima nude vrhunsko iskustvo putovanja. Za one koji nemaju vremena ili se jednostavno ne osje\u0107aju ugodno istra\u017eivati sami, pripremili smo romanti\u010dni bijeg koji \u0107e vam zasigurno ostati u najboljem sje\u0107anju.[\/vc_column_text][\/vc_column][\/vc_row][vc_row css=&#8221;.vc_custom_1575025745999{padding-top: 30px !important;}&#8221;][vc_column width=&#8221;4\/5&#8243; css=&#8221;.vc_custom_1572620423079{padding-bottom: 15px !important;}&#8221;][vc_column_text css=&#8221;.vc_custom_1620262712632{padding-bottom: 30px !important;}&#8221;]<\/p>\n<h2>Aran\u017eman uklju\u010duje<\/h2>\n<p>[\/vc_column_text]<div class=\"mkdf-section-title-holder\">\n\t<h1 class=\"mkdf-section-title mkdf-section-title-small\" >\n\t- 4 no\u0107enja u gradu Visu<\/h1>\n<\/div>[vc_column_text css=&#8221;.vc_custom_1620262813072{padding-bottom: 25px !important;}&#8221;]Ovisno o datumu va\u0161eg dolaska, ponudit \u0107emo vam smje\u0161taj visoke kvalitete kako bismo osigurali da va\u0161i dani na na\u0161em otoku budu \u0161to opu\u0161teniji i bezbri\u017eniji.[\/vc_column_text]<div class=\"mkdf-section-title-holder\">\n\t<h1 class=\"mkdf-section-title mkdf-section-title-small\" >\n\t- 4 romanti\u010dne ve\u010dere<\/h1>\n<\/div>[vc_column_text css=&#8221;.vc_custom_1620262864403{padding-bottom: 25px !important;}&#8221;]Vodit \u0107emo vas na ve\u010dere u lokalnim konobama, koje biramo ovisno o va\u0161oj \u017eelji, a tako\u0111er \u0107emo vam predlo\u017eiti jelovnik i najbolja doma\u0107a vina.[\/vc_column_text]<div class=\"mkdf-section-title-holder\">\n\t<h1 class=\"mkdf-section-title mkdf-section-title-small\" >\n\t- automobil ili bicikl na raspolaganju<\/h1>\n<\/div>[vc_column_text css=&#8221;.vc_custom_1620263134858{padding-bottom: 25px !important;}&#8221;]Tijekom boravka na otoku na raspolaganju \u0107e vam biti najam automobila ili bicikala koji \u0107e vam pomo\u0107i u navigaciji po otoku i istra\u017eivanju pla\u017ee.[\/vc_column_text]<div class=\"mkdf-section-title-holder\">\n\t<h1 class=\"mkdf-section-title mkdf-section-title-small\" >\n\t- jedna morska i jedna kopnena avantura<\/h1>\n<\/div>[vc_column_text css=&#8221;.vc_custom_1620263366907{padding-bottom: 25px !important;}&#8221;]Da biste bili aktivni, pripremili smo za vas dva putovanja &#8220;Must Do&#8221;. Najbolji na\u010din za upoznavanje otoka je istra\u017eivanje brodom s morske strane. Da biste saznali \u0161to je u srcu otoka, pridru\u017eite se vo\u017enji Jeepom i mi \u0107emo vam pokazati sve skrivene dragulje.[\/vc_column_text]<div class=\"mkdf-section-title-holder\">\n\t<h1 class=\"mkdf-section-title mkdf-section-title-small\" >\n\t- jedrenje za zalazak sunca<\/h1>\n<\/div>[vc_column_text css=&#8221;.vc_custom_1620263517539{padding-bottom: 25px !important;}&#8221;]Svakako najromanti\u010dnija ve\u010der je ona kada plovite u zalazak sunca s osobom pored sebe koju volite. Na brodu \u0107emo poslu\u017eiti osvje\u017eenje.[\/vc_column_text][\/vc_column][vc_column width=&#8221;1\/5&#8243; css=&#8221;.vc_custom_1575025730209{padding-top: 55px !important;padding-bottom: 15px !important;}&#8221;][vc_column_text]<\/p>\n<p style=\"text-align: center;\"><span style=\"font-size: 14pt; color: #ff0000;\">Po\u010detna cijena:<\/span><br \/>\n<span style=\"font-size: 14pt; color: #ff0000;\">od 820\u20ac<\/span><\/p>\n<p>[\/vc_column_text][\/vc_column][\/vc_row][vc_row][vc_column css=&#8221;.vc_custom_1574096066181{padding-top: 20px !important;}&#8221;][vc_column_text css=&#8221;.vc_custom_1620263577152{padding-bottom: 30px !important;}&#8221;]<\/p>\n<h3>Va\u017eno:<\/h3>\n<p>[\/vc_column_text][vc_column_text]Aran\u017eman je pripremljen samo za parove. Ponuda vrijedi za razdoblje od po\u010detka travnja do kraja listopada i u to vrijeme mo\u017eemo vam ponuditi sve gore navedene usluge i izlete. U slu\u010daju lo\u0161eg vremena neke od ovih tura ne\u0107e biti mogu\u0107e organizirati. Za to\u010dan izra\u010dun cijene po\u0161aljite upit. Cijene se mogu razlikovati ovisno o sezoni.[\/vc_column_text][\/vc_column][\/vc_row][vc_row][vc_column][vc_column_text css=&#8221;.vc_custom_1620263526443{padding-bottom: 15px !important;}&#8221;]<\/p>\n<h2>Galerija<\/h2>\n<p>[\/vc_column_text][\/vc_column][\/vc_row][vc_row css=&#8221;.vc_custom_1574266899865{padding-bottom: 40px !important;}&#8221;][vc_column]<div class=\"mkdf-image-gallery\">\n    <div class=\"mkdf-image-gallery-grid mkdf-gallery-columns-3 \">\n                    <div class=\"mkdf-gallery-image\">\n                <div class=\"mkdf-hover-holder\">\n                \t\n                                        \t<a class=\"mkdf-gallery-prettyphoto\" href=\"https:\/\/paiz-travel.com\/wp-content\/uploads\/2019\/11\/IMG0311-Medium.jpg\" data-rel=\"prettyPhoto[single_pretty_photo]\" title=\"\">\n                                                                        <img src=\"https:\/\/paiz-travel.com\/wp-content\/uploads\/2019\/11\/IMG0311-Medium-600x400.jpg\" alt=\"\" width=\"600\" height=\"400\" \/>                        \t\t\t\t\t                    \t\t<div class=\"mkdf-icon-holder\"><span aria-hidden=\"true\" class=\"mkdf-icon-font-elegant icon_plus \" ><\/span><\/div>\n\t\t\t\t\t\t<\/a>\n\t\t\t\t\t                <\/div>\n            <\/div>\n                    <div class=\"mkdf-gallery-image\">\n                <div class=\"mkdf-hover-holder\">\n                \t\n                                        \t<a class=\"mkdf-gallery-prettyphoto\" href=\"https:\/\/paiz-travel.com\/wp-content\/uploads\/2019\/11\/IMG0306-Medium.jpg\" data-rel=\"prettyPhoto[single_pretty_photo]\" title=\"IMG0306 (Medium)\">\n                                                                        <img src=\"https:\/\/paiz-travel.com\/wp-content\/uploads\/2019\/11\/IMG0306-Medium-600x400.jpg\" alt=\"\" width=\"600\" height=\"400\" \/>                        \t\t\t\t\t                    \t\t<div class=\"mkdf-icon-holder\"><span aria-hidden=\"true\" class=\"mkdf-icon-font-elegant icon_plus \" ><\/span><\/div>\n\t\t\t\t\t\t<\/a>\n\t\t\t\t\t                <\/div>\n            <\/div>\n                    <div class=\"mkdf-gallery-image\">\n                <div class=\"mkdf-hover-holder\">\n                \t\n                                        \t<a class=\"mkdf-gallery-prettyphoto\" href=\"https:\/\/paiz-travel.com\/wp-content\/uploads\/2019\/11\/IMG0247-Medium.jpg\" data-rel=\"prettyPhoto[single_pretty_photo]\" title=\"\">\n                                                                        <img src=\"https:\/\/paiz-travel.com\/wp-content\/uploads\/2019\/11\/IMG0247-Medium-600x400.jpg\" alt=\"\" width=\"600\" height=\"400\" \/>                        \t\t\t\t\t                    \t\t<div class=\"mkdf-icon-holder\"><span aria-hidden=\"true\" class=\"mkdf-icon-font-elegant icon_plus \" ><\/span><\/div>\n\t\t\t\t\t\t<\/a>\n\t\t\t\t\t                <\/div>\n            <\/div>\n            <\/div>\n<\/div>[\/vc_column][\/vc_row]<\/p>\n","protected":false},"excerpt":{"rendered":"<p>[vc_row][vc_column][vc_column_text] Odmor za parove [\/vc_column_text][vc_column_text]Vis je san za mlade parove koji \u017eele pobje\u0107i. Idili\u010dni krajolik i \u0161irok spektar aktivnosti na otvorenom, kao i povijesne i kulturne znamenitosti, prekrasne pla\u017ee i ve\u010dere u romanti\u010dnim restoranima nude vrhunsko iskustvo putovanja. Za one koji nemaju vremena ili se jednostavno ne osje\u0107aju ugodno istra\u017eivati sami, pripremili smo romanti\u010dni bijeg koji \u0107e vam zasigurno ostati u najboljem sje\u0107anju.[\/vc_column_text][\/vc_column][\/vc_row][vc_row css=&#8221;.vc_custom_1575025745999{padding-top: 30px !important;}&#8221;][vc_column width=&#8221;4\/5&#8243; css=&#8221;.vc_custom_1572620423079{padding-bottom: 15px !important;}&#8221;][vc_column_text css=&#8221;.vc_custom_1620262712632{padding-bottom: 30px !important;}&#8221;] Aran\u017eman uklju\u010duje [\/vc_column_text][vc_column_text css=&#8221;.vc_custom_1620262813072{padding-bottom: 25px !important;}&#8221;]Ovisno o datumu va\u0161eg dolaska, ponudit \u0107emo vam smje\u0161taj visoke kvalitete kako&#8230;<\/p>\n","protected":false},"author":2,"featured_media":6714,"parent":6713,"menu_order":0,"comment_status":"closed","ping_status":"closed","template":"","meta":[],"yoast_head":"<!-- This site is optimized with the Yoast SEO plugin v20.11 - https:\/\/yoast.com\/wordpress\/plugins\/seo\/ -->\n<title>Odmor za parove - Paiz Travel<\/title>\n<meta name=\"description\" content=\"Ready to get away with the one you love? Island Vis is a dream destination for a couples looking for a romantic holiday.\" \/>\n<meta name=\"robots\" content=\"index, follow, max-snippet:-1, max-image-preview:large, max-video-preview:-1\" \/>\n<link rel=\"canonical\" href=\"https:\/\/paiz-travel.com\/hr\/aranzmani\/odmor-za-parove\/\" \/>\n<meta property=\"og:locale\" content=\"hr_HR\" \/>\n<meta property=\"og:type\" content=\"article\" \/>\n<meta property=\"og:title\" content=\"Odmor za parove - Paiz Travel\" \/>\n<meta property=\"og:description\" content=\"Ready to get away with the one you love? Island Vis is a dream destination for a couples looking for a romantic holiday.\" \/>\n<meta property=\"og:url\" content=\"https:\/\/paiz-travel.com\/hr\/aranzmani\/odmor-za-parove\/\" \/>\n<meta property=\"og:site_name\" content=\"Paiz Travel\" \/>\n<meta property=\"article:modified_time\" content=\"2021-05-25T10:54:30+00:00\" \/>\n<meta property=\"og:image\" content=\"https:\/\/paiz-travel.com\/wp-content\/uploads\/2019\/11\/IMG0332-Medium.jpg\" \/>\n\t<meta property=\"og:image:width\" content=\"1152\" \/>\n\t<meta property=\"og:image:height\" content=\"768\" \/>\n\t<meta property=\"og:image:type\" content=\"image\/jpeg\" \/>\n<meta name=\"twitter:card\" content=\"summary_large_image\" \/>\n<meta name=\"twitter:label1\" content=\"Procijenjeno vrijeme \u010ditanja\" \/>\n\t<meta name=\"twitter:data1\" content=\"2 minute\" \/>\n<script type=\"application\/ld+json\" class=\"yoast-schema-graph\">{\"@context\":\"https:\/\/schema.org\",\"@graph\":[{\"@type\":\"WebPage\",\"@id\":\"https:\/\/paiz-travel.com\/hr\/aranzmani\/odmor-za-parove\/\",\"url\":\"https:\/\/paiz-travel.com\/hr\/aranzmani\/odmor-za-parove\/\",\"name\":\"Odmor za parove - Paiz Travel\",\"isPartOf\":{\"@id\":\"https:\/\/paiz-travel.com\/#website\"},\"datePublished\":\"2019-11-19T18:14:43+00:00\",\"dateModified\":\"2021-05-25T10:54:30+00:00\",\"description\":\"Ready to get away with the one you love? Island Vis is a dream destination for a couples looking for a romantic holiday.\",\"breadcrumb\":{\"@id\":\"https:\/\/paiz-travel.com\/hr\/aranzmani\/odmor-za-parove\/#breadcrumb\"},\"inLanguage\":\"hr\",\"potentialAction\":[{\"@type\":\"ReadAction\",\"target\":[\"https:\/\/paiz-travel.com\/hr\/aranzmani\/odmor-za-parove\/\"]}]},{\"@type\":\"BreadcrumbList\",\"@id\":\"https:\/\/paiz-travel.com\/hr\/aranzmani\/odmor-za-parove\/#breadcrumb\",\"itemListElement\":[{\"@type\":\"ListItem\",\"position\":1,\"name\":\"Po\u010detna stranica\",\"item\":\"https:\/\/paiz-travel.com\/hr\/\"},{\"@type\":\"ListItem\",\"position\":2,\"name\":\"Aran\u017emani\",\"item\":\"https:\/\/paiz-travel.com\/hr\/aranzmani\/\"},{\"@type\":\"ListItem\",\"position\":3,\"name\":\"Odmor za parove\"}]},{\"@type\":\"WebSite\",\"@id\":\"https:\/\/paiz-travel.com\/#website\",\"url\":\"https:\/\/paiz-travel.com\/\",\"name\":\"Paiz Travel\",\"description\":\"Vis Tourist Agency \",\"potentialAction\":[{\"@type\":\"SearchAction\",\"target\":{\"@type\":\"EntryPoint\",\"urlTemplate\":\"https:\/\/paiz-travel.com\/?s={search_term_string}\"},\"query-input\":\"required name=search_term_string\"}],\"inLanguage\":\"hr\"}]}<\/script>\n<!-- \/ Yoast SEO plugin. -->","yoast_head_json":{"title":"Odmor za parove - Paiz Travel","description":"Ready to get away with the one you love? Island Vis is a dream destination for a couples looking for a romantic holiday.","robots":{"index":"index","follow":"follow","max-snippet":"max-snippet:-1","max-image-preview":"max-image-preview:large","max-video-preview":"max-video-preview:-1"},"canonical":"https:\/\/paiz-travel.com\/hr\/aranzmani\/odmor-za-parove\/","og_locale":"hr_HR","og_type":"article","og_title":"Odmor za parove - Paiz Travel","og_description":"Ready to get away with the one you love? Island Vis is a dream destination for a couples looking for a romantic holiday.","og_url":"https:\/\/paiz-travel.com\/hr\/aranzmani\/odmor-za-parove\/","og_site_name":"Paiz Travel","article_modified_time":"2021-05-25T10:54:30+00:00","og_image":[{"width":1152,"height":768,"url":"https:\/\/paiz-travel.com\/wp-content\/uploads\/2019\/11\/IMG0332-Medium.jpg","type":"image\/jpeg"}],"twitter_card":"summary_large_image","twitter_misc":{"Procijenjeno vrijeme \u010ditanja":"2 minute"},"schema":{"@context":"https:\/\/schema.org","@graph":[{"@type":"WebPage","@id":"https:\/\/paiz-travel.com\/hr\/aranzmani\/odmor-za-parove\/","url":"https:\/\/paiz-travel.com\/hr\/aranzmani\/odmor-za-parove\/","name":"Odmor za parove - Paiz Travel","isPartOf":{"@id":"https:\/\/paiz-travel.com\/#website"},"datePublished":"2019-11-19T18:14:43+00:00","dateModified":"2021-05-25T10:54:30+00:00","description":"Ready to get away with the one you love? Island Vis is a dream destination for a couples looking for a romantic holiday.","breadcrumb":{"@id":"https:\/\/paiz-travel.com\/hr\/aranzmani\/odmor-za-parove\/#breadcrumb"},"inLanguage":"hr","potentialAction":[{"@type":"ReadAction","target":["https:\/\/paiz-travel.com\/hr\/aranzmani\/odmor-za-parove\/"]}]},{"@type":"BreadcrumbList","@id":"https:\/\/paiz-travel.com\/hr\/aranzmani\/odmor-za-parove\/#breadcrumb","itemListElement":[{"@type":"ListItem","position":1,"name":"Po\u010detna stranica","item":"https:\/\/paiz-travel.com\/hr\/"},{"@type":"ListItem","position":2,"name":"Aran\u017emani","item":"https:\/\/paiz-travel.com\/hr\/aranzmani\/"},{"@type":"ListItem","position":3,"name":"Odmor za parove"}]},{"@type":"WebSite","@id":"https:\/\/paiz-travel.com\/#website","url":"https:\/\/paiz-travel.com\/","name":"Paiz Travel","description":"Vis Tourist Agency ","potentialAction":[{"@type":"SearchAction","target":{"@type":"EntryPoint","urlTemplate":"https:\/\/paiz-travel.com\/?s={search_term_string}"},"query-input":"required name=search_term_string"}],"inLanguage":"hr"}]}},"_links":{"self":[{"href":"https:\/\/paiz-travel.com\/hr\/wp-json\/wp\/v2\/pages\/6851"}],"collection":[{"href":"https:\/\/paiz-travel.com\/hr\/wp-json\/wp\/v2\/pages"}],"about":[{"href":"https:\/\/paiz-travel.com\/hr\/wp-json\/wp\/v2\/types\/page"}],"author":[{"embeddable":true,"href":"https:\/\/paiz-travel.com\/hr\/wp-json\/wp\/v2\/users\/2"}],"replies":[{"embeddable":true,"href":"https:\/\/paiz-travel.com\/hr\/wp-json\/wp\/v2\/comments?post=6851"}],"version-history":[{"count":6,"href":"https:\/\/paiz-travel.com\/hr\/wp-json\/wp\/v2\/pages\/6851\/revisions"}],"predecessor-version":[{"id":7192,"href":"https:\/\/paiz-travel.com\/hr\/wp-json\/wp\/v2\/pages\/6851\/revisions\/7192"}],"up":[{"embeddable":true,"href":"https:\/\/paiz-travel.com\/hr\/wp-json\/wp\/v2\/pages\/6713"}],"wp:featuredmedia":[{"embeddable":true,"href":"https:\/\/paiz-travel.com\/hr\/wp-json\/wp\/v2\/media\/6714"}],"wp:attachment":[{"href":"https:\/\/paiz-travel.com\/hr\/wp-json\/wp\/v2\/media?parent=6851"}],"curies":[{"name":"wp","href":"https:\/\/api.w.org\/{rel}","templated":true}]}}